{"id":9044,"date":"2017-05-31T12:37:38","date_gmt":"2017-05-31T14:37:38","guid":{"rendered":"http:\/\/www.encontraitaquera.com.br\/sobre\/?page_id=9044"},"modified":"2017-06-16T13:20:20","modified_gmt":"2017-06-16T15:20:20","slug":"32-dp-delegacia-de-itaquera","status":"publish","type":"page","link":"https:\/\/www.encontraitaquera.com.br\/sobre\/32-dp-delegacia-de-itaquera\/","title":{"rendered":"32\u00ba DP &#8211; Delegacia de Pol\u00edcia Itaquera"},"content":{"rendered":"<div class=\"f6a401da1b960306e8d5ff784b0b5528\" data-index=\"1\" style=\"float: none; margin:0px;\">\n<!-- Anuncio display - global -->\r\n<ins class=\"adsbygoogle\"\r\n     style=\"display:block\"\r\n     data-ad-client=\"ca-pub-8585364105181520\"\r\n     data-ad-slot=\"8789329856\"\r\n     data-ad-format=\"auto\"\r\n     data-full-width-responsive=\"true\"><\/ins>\r\n<script>\r\n     (adsbygoogle = window.adsbygoogle || []).push({});\r\n<\/script>\n<\/div>\n<p>As <strong>Delegacias Seccionais de Pol\u00edcia<\/strong> (tamb\u00e9m designada <span style=\"text-decoration: underline;\">Distrito Policial<\/span> ) s\u00e3o os \u00f3rg\u00e3os de controle direto das unidades de pol\u00edcia territorial (aquelas que atendem a popula\u00e7\u00e3o e onde se registram e investigam as ocorr\u00eancias em geral, de acordo com o local onde as mesmas se deram), estando vinculadas aos <em>Departamentos de Pol\u00edcia Territorial<\/em>.<\/p>\n<p>As pessoas que s\u00e3o v\u00edtimas de crimes na cidade de S\u00e3o Paulo devem se dirigir a delegacia mais pr\u00f3xima para registrar um boletim de ocorr\u00eancia. A cidade possui 92 distritos policiais.<\/p>\n<p><img loading=\"lazy\" decoding=\"async\" class=\"alignnone wp-image-9174\" title=\"32\u00b0 DP - Distrito Policial de Itaquera\" src=\"http:\/\/www.encontraitaquera.com.br\/sobre\/wp-content\/uploads\/2017\/05\/32-dp-pinheiros.jpg\" alt=\"32\u00b0 DP - Distrito Policial de Itaquera\" width=\"686\" height=\"227\" srcset=\"https:\/\/www.encontraitaquera.com.br\/sobre\/wp-content\/uploads\/2017\/05\/32-dp-pinheiros.jpg 571w, https:\/\/www.encontraitaquera.com.br\/sobre\/wp-content\/uploads\/2017\/05\/32-dp-pinheiros-300x99.jpg 300w\" sizes=\"(max-width: 686px) 100vw, 686px\" \/><\/p>\n<h3>Distrito Policial de Pinheiros<\/h3>\n<p>As pessoas que s\u00e3o v\u00edtimas de crimes devem se dirigir a delegacia mais pr\u00f3xima para registrar um boletim de ocorr\u00eancia.\u00a0Tamb\u00e9m \u00e9 poss\u00edvel registrar um boletim de ocorr\u00eancia pela internet, dependendo da gravidade do crime sofrido.<\/p>\n<ul>\n<li><strong>Quando fazer o BO online?<br \/>\n<\/strong>Em casos de furto de ve\u00edculos, furto ou perda de documentos, desaparecimentos, informa\u00e7\u00e3o sobre pessoas encontradas, furto de placas de carros e furto de celulares.<\/li>\n<li><strong>Como fazer?<\/strong><br \/>\nPela internet, no site da Secretaria da Seguran\u00e7a P\u00fablica, no link &#8220;Delegacia Eletr\u00f4nica&#8221;.<\/li>\n<li><strong>O que \u00e9 preciso?<br \/>\n<\/strong>Preencher um formul\u00e1rio com dados como RG e CPF e informa\u00e7\u00f5es sobre o local, a data e como ocorreu o crime.<\/li>\n<li><strong>Quem foi v\u00edtima de crime e precisa urgentemente falar com a pol\u00edcia deve ligar para onde?<br \/>\n<\/strong>Pol\u00edcia Miliar &#8211; 190<br \/>\nPol\u00edcia Civil &#8211; 197<br \/>\nInforma\u00e7\u00f5es sobre crimes podem ser passadas pelo telefone do Disque Den\u00fancia: 181<\/li>\n<\/ul>\n<h3>Hor\u00e1rio de Funcionamento 32\u00b0 DP em\u00a0Itaquera<\/h3>\n<ul>\n<li>24 horas<\/li>\n<\/ul>\n<h3>Endere\u00e7o e Telefone Distrito Policial em\u00a0Itaquera<\/h3>\n<ul>\n<li>Rua S\u00e1bbado D\u2019Angelo, 64 &#8211; Itaquera &#8211; S\u00e3o Paulo &#8211; SP<\/li>\n<li>Telefone: (11)\u00a02205-6015<\/li>\n<\/ul>\n<h3>Outras informa\u00e7\u00f5es e site:<\/h3>\n<ul>\n<li>Mais informa\u00e7\u00f5es:\u00a0<a href=\"http:\/\/www.ssp.sp.gov.br\/\" target=\"_blank\" rel=\"noopener noreferrer\">www.ssp.sp.gov.br<\/a><\/li>\n<li>No mesmo local funciona a <span style=\"text-decoration: underline;\"><a href=\"http:\/\/www.encontraitaquera.com.br\/sobre\/delegacia-da-mulher-itaquera\/\">Delegacia da Mulher Itaquera veja mais \u00bb aqui<\/a><\/span><\/li>\n<li><a href=\"https:\/\/www.encontrasaopaulo.com.br\/unidades-de-delegacias-de-policia-sp\/\" target=\"_blank\" rel=\"noopener noreferrer\">Veja + unidades de delegacias na cidade de S\u00e3o Paulo<\/a><\/li>\n<\/ul>\n<h3>Mapa de localiza\u00e7\u00e3o:<\/h3>\n<a class=\"wp-colorbox-iframe\" href=\"https:\/\/www.google.com\/maps\/embed?pb=!1m14!1m8!1m3!1d14631.81342372828!2d-46.4516527!3d-23.53418!3m2!1i1024!2i768!4f13.1!3m3!1m2!1s0x00x3fab3750ead80aa!2s32+DP+Itaquera!5e0!3m2!1spt-BR!2sbr!4v1496256981964\"><img decoding=\"async\" src=\"http:\/\/www.encontraitaquera.com.br\/imgs\/maps-post.png\"><\/a>\n\n<div style=\"font-size: 0px; height: 0px; line-height: 0px; margin: 0; padding: 0; clear: both;\"><\/div>","protected":false},"excerpt":{"rendered":"<p>As Delegacias Seccionais de Pol\u00edcia (tamb\u00e9m designada Distrito Policial ) s\u00e3o os \u00f3rg\u00e3os de controle direto das unidades de pol\u00edcia territorial (aquelas que atendem a popula\u00e7\u00e3o e onde se registram e investigam as ocorr\u00eancias em geral, de acordo com o local onde as mesmas se deram), estando vinculadas aos Departamentos de Pol\u00edcia Territorial. As pessoas que s\u00e3o v\u00edtimas de crimes na cidade de S\u00e3o Paulo devem se dirigir a delegacia mais pr\u00f3xima para registrar um boletim de ocorr\u00eancia. A cidade possui 92 distritos policiais. Distrito Policial de Pinheiros As pessoas que s\u00e3o v\u00edtimas de crimes devem se dirigir a delegacia <\/p>\n","protected":false},"author":1,"featured_media":0,"parent":0,"menu_order":0,"comment_status":"closed","ping_status":"closed","template":"","meta":{"footnotes":""},"class_list":["post-9044","page","type-page","status-publish","hentry"],"_links":{"self":[{"href":"https:\/\/www.encontraitaquera.com.br\/sobre\/wp-json\/wp\/v2\/pages\/9044"}],"collection":[{"href":"https:\/\/www.encontraitaquera.com.br\/sobre\/wp-json\/wp\/v2\/pages"}],"about":[{"href":"https:\/\/www.encontraitaquera.com.br\/sobre\/wp-json\/wp\/v2\/types\/page"}],"author":[{"embeddable":true,"href":"https:\/\/www.encontraitaquera.com.br\/sobre\/wp-json\/wp\/v2\/users\/1"}],"replies":[{"embeddable":true,"href":"https:\/\/www.encontraitaquera.com.br\/sobre\/wp-json\/wp\/v2\/comments?post=9044"}],"version-history":[{"count":7,"href":"https:\/\/www.encontraitaquera.com.br\/sobre\/wp-json\/wp\/v2\/pages\/9044\/revisions"}],"predecessor-version":[{"id":9717,"href":"https:\/\/www.encontraitaquera.com.br\/sobre\/wp-json\/wp\/v2\/pages\/9044\/revisions\/9717"}],"wp:attachment":[{"href":"https:\/\/www.encontraitaquera.com.br\/sobre\/wp-json\/wp\/v2\/media?parent=9044"}],"curies":[{"name":"wp","href":"https:\/\/api.w.org\/{rel}","templated":true}]}}