{"id":9050,"date":"2017-05-31T12:42:07","date_gmt":"2017-05-31T14:42:07","guid":{"rendered":"http:\/\/www.encontraitaquera.com.br\/sobre\/?page_id=9050"},"modified":"2017-06-23T11:25:56","modified_gmt":"2017-06-23T13:25:56","slug":"avenida-jacu-pessegonova-trabalhadores","status":"publish","type":"page","link":"https:\/\/www.encontraitaquera.com.br\/sobre\/avenida-jacu-pessegonova-trabalhadores\/","title":{"rendered":"Avenida Jacu P\u00eassego \/ Nova Trabalhadores"},"content":{"rendered":"<div class=\"f6a401da1b960306e8d5ff784b0b5528\" data-index=\"1\" style=\"float: none; margin:0px;\">\n<!-- Anuncio display - global -->\r\n<ins class=\"adsbygoogle\"\r\n     style=\"display:block\"\r\n     data-ad-client=\"ca-pub-8585364105181520\"\r\n     data-ad-slot=\"8789329856\"\r\n     data-ad-format=\"auto\"\r\n     data-full-width-responsive=\"true\"><\/ins>\r\n<script>\r\n     (adsbygoogle = window.adsbygoogle || []).push({});\r\n<\/script>\n<\/div>\n<p>A <strong>Avenida Jacu P\u00eassego em Itaquera<\/strong>, cujo nome completo \u00e9 <em>Avenida Jacu P\u00eassego\/Nova Trabalhadores<\/em> \u00e9 uma importante avenida e eixo rodovi\u00e1rio da cidade de <em>S\u00e3o Paulo<\/em>.<\/p>\n<p>Foi inaugurada em 1995, na gest\u00e3o do prefeito <em>Paulo Maluf<\/em>. Desde ent\u00e3o, passa por um grande processo de prolongamento.<\/p>\n<p><img loading=\"lazy\" decoding=\"async\" class=\"alignnone wp-image-9191 \" title=\"Avenida Jacu P\u00eassego\/Nova Trabalhadores\" src=\"http:\/\/www.encontraitaquera.com.br\/sobre\/wp-content\/uploads\/2017\/05\/avenida-jacu-pessego-itaque.jpg\" alt=\"Avenida Jacu P\u00eassego\/Nova Trabalhadores\" width=\"660\" height=\"207\" srcset=\"https:\/\/www.encontraitaquera.com.br\/sobre\/wp-content\/uploads\/2017\/05\/avenida-jacu-pessego-itaque.jpg 603w, https:\/\/www.encontraitaquera.com.br\/sobre\/wp-content\/uploads\/2017\/05\/avenida-jacu-pessego-itaque-300x94.jpg 300w\" sizes=\"(max-width: 660px) 100vw, 660px\" \/><\/p>\n<p>Quando estiver completamente conclu\u00edda, servir\u00e1 como principal via de acesso entre o<em> Aeroporto de Cumbica<\/em> e o <em>Porto de Santos<\/em>, al\u00e9m de servir como via alternativa ao trecho leste do <em>Rodoanel M\u00e1rio Covas.<\/em><\/p>\n<h2>CEP Av. Jacu P\u00eassego em\u00a0Itaquera<\/h2>\n<p>O CEP da <em>Av. Jacu P\u00eassego\/Nova Trabalhadores<\/em> muda de acordo com o bairro, veja o CEP de cada bairro:<\/p>\n<ul>\n<li>Cidade Ant\u00f4nio Estev\u00e3o de Carvalho &#8211; CEP: 08225-700<\/li>\n<li>Itaquera &#8211; CEP: 08215-115<\/li>\n<li>Jos\u00e9 Bonif\u00e1cio &#8211; CEP: 08260-005<\/li>\n<li>Vila Carminosa &#8211; CEP: 08290-250<\/li>\n<li>Vila Jacu\u00ed &#8211; CEP: 08050-099<\/li>\n<li>Vila Santana &#8211; CEP: 08230-115<\/li>\n<\/ul>\n<h3>Expans\u00e3o<\/h3>\n<p>Trecho <em>Ayrton Senna-Itaquera<\/em><\/p>\n<p>Em 27 de junho de 2008 o <em>Governo do Estado de S\u00e3o Paulo<\/em> inaugurou o trecho de liga\u00e7\u00e3o entre a <em>Avenida Jacu P\u00eassego<\/em> e a <em>Rodovia Ayrton Senna.<\/em> O trecho, com aproximadamente 2km de extens\u00e3o e duas al\u00e7as de acesso, permite uma liga\u00e7\u00e3o direta entre a rodovia e a avenida, garantindo uma integra\u00e7\u00e3o maior e mais r\u00e1pida com a regi\u00e3o central da cidade, a <em>Marginal Tiet\u00ea<\/em> e os munic\u00edpios a leste da <em>Regi\u00e3o Metropolitana de S\u00e3o Paulo.<\/em><\/p>\n<p>Trecho <em>Iguatemi-Mau\u00e1<\/em><\/p>\n<p>Com in\u00edcio das obras em Junho de 2009, o projeto prev\u00ea uma liga\u00e7\u00e3o de 9,9 km (sendo 6,7 em S\u00e3o Paulo e 3,2 em Mau\u00e1) partindo do final da <em>Avenida Jacu P\u00eassego,<\/em> na altura da <em>Av. Ragueb Chofi,<\/em> no bairro do Iguatemi, at\u00e9 <em>Viaduto Juscelino Kubitschek,<\/em> no entroncamento com a <em>Avenida Papa Jo\u00e3o XXIII<\/em>, em <em>Mau\u00e1,<\/em> a qual ser\u00e1 duplicada. A entrega foi prevista para mar\u00e7o de 2010.<\/p>\n<p>Este trecho ser\u00e1 muito importante, pois far\u00e1 a liga\u00e7\u00e3o entre a<em> Rodovia Ayrton Senna,<\/em> a regi\u00e3o da <em>Avenida Jacu P\u00eassego\/Nova Trabalhadores<\/em> e a cidade de <em>Mau\u00e1<\/em> ao trecho sul do <em>Rodoanel M\u00e1rio Covas,<\/em> tornando-se um corredor \u00fanico de padr\u00f5es rodovi\u00e1rios entre o <em>Porto de Santos<\/em> e o <em>Aeroporto Internacional de Guarulhos,<\/em> maior Aeroporto do <em>Brasil<\/em>. Al\u00e9m disso, o complexo far\u00e1 a fun\u00e7\u00e3o do trecho leste do <em>Rodoanel,<\/em> interligando o sistema<em> Anchieta-Imigrantes<\/em> ao sistema <em>Ayrton Senna-Dutra,<\/em> at\u00e9 que o trecho leste do anel vi\u00e1rio seja conclu\u00eddo, em 2014.<\/p>\n<p>Trecho <em>Ayrton Senna-Dutra<\/em><\/p>\n<p>A cargo da <em>Prefeitura de Guarulhos,<\/em> este trecho de 5,1 km completaria o <em>Complexo Jacu P\u00eassego,<\/em> interligando a <em>Via Dutra<\/em> \u00e0 <em>Rodovia Ayrton Senna.<\/em> Ap\u00f3s sua conclus\u00e3o, 9 das 10 principais rodovias que chegam a <em>Cidade S\u00e3o Paulo<\/em> estariam completamente interligadas de maneira direta. Entretanto, em virtude da responsabilidade ser apenas do munic\u00edpio de <em>Guarulhos<\/em>, n\u00e3o h\u00e1 previs\u00f5es para o in\u00edcio das obras.<\/p>\n<h3>Outras informa\u00e7\u00f5es:<\/h3>\n<p><strong>Aqu\u00e1rio Itaquera<\/strong> &#8211; Avenida Jacu P\u00eassego, 1685 &#8211; Col\u00f4nia &#8211; fone: (11) 2535-8000 &#8211; <span style=\"text-decoration: underline;\"><a href=\"http:\/\/www.aquarioitaquera.com.br\/\" target=\"_blank\" rel=\"noopener noreferrer\">Mais informa\u00e7\u00f5es<\/a><\/span><\/p>\n<p><strong>Atacad\u00e3o Jacu P\u00eassego &#8211; Assa\u00ed<\/strong> &#8211; Av. Jacu P\u00eassego\/Nova Trabalhadores, 750 &#8211; Col\u00f4nia &#8211; fone: (11) 2523-9360 &#8211; <span style=\"text-decoration: underline;\"><a href=\"http:\/\/www.assai.com.br\/\" target=\"_blank\" rel=\"noopener noreferrer\">Mais informa\u00e7\u00f5es<\/a><\/span><\/p>\n<p><strong>Carrefour Hipermercado<\/strong> &#8211; Estrada do P\u00eassego, 1200 &#8211; Jos\u00e9 Bonif\u00e1cio &#8211; fone: (11) 2523-6801 &#8211; <span style=\"text-decoration: underline;\"><a href=\"https:\/\/www.carrefour.com.br\/\" target=\"_blank\" rel=\"noopener noreferrer\">Mais informa\u00e7\u00f5es<\/a><\/span><\/p>\n<h3>Mapa de localiza\u00e7\u00e3o:<\/h3>\n<a class=\"wp-colorbox-iframe\" href=\"https:\/\/www.google.com\/maps\/embed?pb=!1m18!1m12!1m3!1d29261.529473562507!2d-46.474357300533406!3d-23.543607104437775!2m3!1f0!2f0!3f0!3m2!1i1024!2i768!4f13.1!3m3!1m2!1s0x94ce66bcec5d91c70x5705e000fe94b63d!2sAv.+Jacu-pssegonova+Trabalhadores+5343!5e0!3m2!1spt-BR!2sbr!4v1496325605992\"><img decoding=\"async\" src=\"http:\/\/www.encontraitaquera.com.br\/imgs\/maps-post.png\"><\/a>\n\n<div style=\"font-size: 0px; height: 0px; line-height: 0px; margin: 0; padding: 0; clear: both;\"><\/div>","protected":false},"excerpt":{"rendered":"<p>A Avenida Jacu P\u00eassego em Itaquera, cujo nome completo \u00e9 Avenida Jacu P\u00eassego\/Nova Trabalhadores \u00e9 uma importante avenida e eixo rodovi\u00e1rio da cidade de S\u00e3o Paulo. Foi inaugurada em 1995, na gest\u00e3o do prefeito Paulo Maluf. Desde ent\u00e3o, passa por um grande processo de prolongamento. Quando estiver completamente conclu\u00edda, servir\u00e1 como principal via de acesso entre o Aeroporto de Cumbica e o Porto de Santos, al\u00e9m de servir como via alternativa ao trecho leste do Rodoanel M\u00e1rio Covas. CEP Av. Jacu P\u00eassego em\u00a0Itaquera O CEP da Av. Jacu P\u00eassego\/Nova Trabalhadores muda de acordo com o bairro, veja o CEP de <\/p>\n","protected":false},"author":1,"featured_media":0,"parent":0,"menu_order":0,"comment_status":"closed","ping_status":"closed","template":"","meta":{"footnotes":""},"class_list":["post-9050","page","type-page","status-publish","hentry"],"_links":{"self":[{"href":"https:\/\/www.encontraitaquera.com.br\/sobre\/wp-json\/wp\/v2\/pages\/9050"}],"collection":[{"href":"https:\/\/www.encontraitaquera.com.br\/sobre\/wp-json\/wp\/v2\/pages"}],"about":[{"href":"https:\/\/www.encontraitaquera.com.br\/sobre\/wp-json\/wp\/v2\/types\/page"}],"author":[{"embeddable":true,"href":"https:\/\/www.encontraitaquera.com.br\/sobre\/wp-json\/wp\/v2\/users\/1"}],"replies":[{"embeddable":true,"href":"https:\/\/www.encontraitaquera.com.br\/sobre\/wp-json\/wp\/v2\/comments?post=9050"}],"version-history":[{"count":6,"href":"https:\/\/www.encontraitaquera.com.br\/sobre\/wp-json\/wp\/v2\/pages\/9050\/revisions"}],"predecessor-version":[{"id":9945,"href":"https:\/\/www.encontraitaquera.com.br\/sobre\/wp-json\/wp\/v2\/pages\/9050\/revisions\/9945"}],"wp:attachment":[{"href":"https:\/\/www.encontraitaquera.com.br\/sobre\/wp-json\/wp\/v2\/media?parent=9050"}],"curies":[{"name":"wp","href":"https:\/\/api.w.org\/{rel}","templated":true}]}}