{"id":9055,"date":"2017-05-31T12:44:58","date_gmt":"2017-05-31T14:44:58","guid":{"rendered":"http:\/\/www.encontraitaquera.com.br\/sobre\/?page_id=9055"},"modified":"2017-07-27T20:21:58","modified_gmt":"2017-07-27T22:21:58","slug":"cat-itaquera","status":"publish","type":"page","link":"https:\/\/www.encontraitaquera.com.br\/sobre\/cat-itaquera\/","title":{"rendered":"CAT Itaquera"},"content":{"rendered":"<div class=\"f6a401da1b960306e8d5ff784b0b5528\" data-index=\"1\" style=\"float: none; margin:0px;\">\n<!-- Anuncio display - global -->\r\n<ins class=\"adsbygoogle\"\r\n     style=\"display:block\"\r\n     data-ad-client=\"ca-pub-8585364105181520\"\r\n     data-ad-slot=\"8789329856\"\r\n     data-ad-format=\"auto\"\r\n     data-full-width-responsive=\"true\"><\/ins>\r\n<script>\r\n     (adsbygoogle = window.adsbygoogle || []).push({});\r\n<\/script>\n<\/div>\n<p><strong>Centro de Apoio ao Trabalhador &#8211; CAT Itaquera<\/strong>, \u00e9 fruto de uma parceria entre os \u00f3rg\u00e3os municipal e federal, e tem como objetivo proporcionar a popula\u00e7\u00e3o uma recoloca\u00e7\u00e3o profissional r\u00e1pida no mercado de trabalho e gera\u00e7\u00e3o de renda, al\u00e9m de facilitar todo o tr\u00e2mite para a retirada de documentos e benef\u00edcios ao trabalhador.<\/p>\n<p>O centro de apoio ao trabalhador tamb\u00e9m tem atendimento para quem busca recoloca\u00e7\u00e3o profissional no mercado de trabalho.<\/p>\n<p><img loading=\"lazy\" decoding=\"async\" class=\"alignnone wp-image-9298 \" title=\"CAT Itaquera\" src=\"http:\/\/www.encontraitaquera.com.br\/sobre\/wp-content\/uploads\/2017\/05\/cat-itaquera.jpg\" alt=\"CAT Itaquera\" width=\"631\" height=\"243\" srcset=\"https:\/\/www.encontraitaquera.com.br\/sobre\/wp-content\/uploads\/2017\/05\/cat-itaquera.jpg 491w, https:\/\/www.encontraitaquera.com.br\/sobre\/wp-content\/uploads\/2017\/05\/cat-itaquera-300x115.jpg 300w\" sizes=\"(max-width: 631px) 100vw, 631px\" \/><\/p>\n<h3>CAT Itaquera SP: Telefone, Servi\u00e7os, Hor\u00e1rios<\/h3>\n<p>No local, o cidad\u00e3o pode fazer a emiss\u00e3o da carteira de trabalho, habilita\u00e7\u00e3o para recebimento do seguro desemprego e encaminhamento para vagas de trabalho dispon\u00edveis no sistema.<\/p>\n<p>As unidades do <em>CAT<\/em> oferecem ainda o <em>Posto Avan\u00e7ado de Concilia\u00e7\u00e3o Extraprocessual do Trabalhador (PACET)<\/em>. O servi\u00e7o auxilia as pessoas endividadas que estejam com restri\u00e7\u00f5es cadastrais junto ao <em>Sistema Central de Prote\u00e7\u00e3o ao Cr\u00e9dito (SCPC)<\/em> a exclu\u00edrem seus nomes da lista de inadimplentes, por meio de concilia\u00e7\u00e3o entre o devedor e o credor, mediante a formaliza\u00e7\u00e3o de um acordo entre as partes.<\/p>\n<h3>Documenta\u00e7\u00e3o necess\u00e1ria para cadastro<\/h3>\n<ul>\n<li>RG<\/li>\n<li>CPF<\/li>\n<li>Carteira de trabalho<\/li>\n<li>N\u00famero do PIS<br \/>\n* Caso o trabalhador n\u00e3o possua PIS, o n\u00famero deste documento ser\u00e1 gerado no primeiro atendimento.<\/li>\n<\/ul>\n<h3>Idade m\u00ednima para cadastro<\/h3>\n<p>Ser\u00e3o feitos cadastros para pessoas a partir de 14 anos de idade, inclusive a emiss\u00e3o de <em>CTPS<\/em><\/p>\n<p>Trabalhadores com idades entre 14 e 16 anos incompletos ser\u00e3o inclu\u00eddos no Programa \u201cJovem Aprendiz&#8221;<\/p>\n<h3>Hor\u00e1rio de Funcionamento CAT Itaquera<\/h3>\n<ul>\n<li>Segunda a Sexta das 8hs \u00e0s 17hs<\/li>\n<li>Quartas-feiras: oficinas de orienta\u00e7\u00e3o ao trabalho, das 9h \u00e0s 10h.<\/li>\n<\/ul>\n<h3>Endere\u00e7o e Telefone CAT\u00a0Itaquera<\/h3>\n<ul>\n<li>R. Augusto Carlos Bauman, 851 &#8211; Itaquera, S\u00e3o Paulo &#8211; SP<\/li>\n<li>As unidades <em>CAT<\/em> <span style=\"text-decoration: underline;\">n\u00e3o oferecem atendimento telef\u00f4nico<\/span>, o cidad\u00e3o deve comparecer pessoalmente.<\/li>\n<\/ul>\n<p><img loading=\"lazy\" decoding=\"async\" class=\"alignnone size-full wp-image-10012\" src=\"http:\/\/www.encontraitaquera.com.br\/sobre\/wp-content\/uploads\/2017\/05\/fechou.gif\" alt=\"\" width=\"343\" height=\"38\" \/><\/p>\n<h3>Outras informa\u00e7\u00f5es<\/h3>\n<p>Cadastro para empresas e empregadores. Empresas e empregadores podem divulgar vagas pelos seguintes contatos:<\/p>\n<ul>\n<li>Telefone: (11) 3397-1507<\/li>\n<li>E-mail: solicitacaodevagas@prefeitura.sp.gov.br.<\/li>\n<\/ul>\n<p>* O atendimento presencial \u00e0s empresas \u00e9 realizado somente no <span style=\"text-decoration: underline;\">CAT Luz<\/span>, na <em>Avenida Prestes Maia, 913<\/em><\/p>\n<h3>Mapa de localiza\u00e7\u00e3o:<\/h3>\n<a class=\"wp-colorbox-iframe\" href=\"https:\/\/www.google.com\/maps\/embed?pb=!1m14!1m8!1m3!1d14631.614075757301!2d-46.4542161!3d-23.5359723!3m2!1i1024!2i768!4f13.1!3m3!1m2!1s0x00xe10299bff489b92e!2sCat+Itaquera!5e0!3m2!1spt-BR!2sbr!4v1496692454911\"><img decoding=\"async\" src=\"http:\/\/www.encontrapinheiros.com.br\/pinheiros\/wp-content\/uploads\/2017\/05\/mapa5-e1494875223595.png\"><\/a>\n\n<div style=\"font-size: 0px; height: 0px; line-height: 0px; margin: 0; padding: 0; clear: both;\"><\/div>","protected":false},"excerpt":{"rendered":"<p>Centro de Apoio ao Trabalhador &#8211; CAT Itaquera, \u00e9 fruto de uma parceria entre os \u00f3rg\u00e3os municipal e federal, e tem como objetivo proporcionar a popula\u00e7\u00e3o uma recoloca\u00e7\u00e3o profissional r\u00e1pida no mercado de trabalho e gera\u00e7\u00e3o de renda, al\u00e9m de facilitar todo o tr\u00e2mite para a retirada de documentos e benef\u00edcios ao trabalhador. O centro de apoio ao trabalhador tamb\u00e9m tem atendimento para quem busca recoloca\u00e7\u00e3o profissional no mercado de trabalho. CAT Itaquera SP: Telefone, Servi\u00e7os, Hor\u00e1rios No local, o cidad\u00e3o pode fazer a emiss\u00e3o da carteira de trabalho, habilita\u00e7\u00e3o para recebimento do seguro desemprego e encaminhamento para vagas de <\/p>\n","protected":false},"author":1,"featured_media":0,"parent":0,"menu_order":0,"comment_status":"closed","ping_status":"closed","template":"","meta":{"footnotes":""},"class_list":["post-9055","page","type-page","status-publish","hentry"],"_links":{"self":[{"href":"https:\/\/www.encontraitaquera.com.br\/sobre\/wp-json\/wp\/v2\/pages\/9055"}],"collection":[{"href":"https:\/\/www.encontraitaquera.com.br\/sobre\/wp-json\/wp\/v2\/pages"}],"about":[{"href":"https:\/\/www.encontraitaquera.com.br\/sobre\/wp-json\/wp\/v2\/types\/page"}],"author":[{"embeddable":true,"href":"https:\/\/www.encontraitaquera.com.br\/sobre\/wp-json\/wp\/v2\/users\/1"}],"replies":[{"embeddable":true,"href":"https:\/\/www.encontraitaquera.com.br\/sobre\/wp-json\/wp\/v2\/comments?post=9055"}],"version-history":[{"count":11,"href":"https:\/\/www.encontraitaquera.com.br\/sobre\/wp-json\/wp\/v2\/pages\/9055\/revisions"}],"predecessor-version":[{"id":10015,"href":"https:\/\/www.encontraitaquera.com.br\/sobre\/wp-json\/wp\/v2\/pages\/9055\/revisions\/10015"}],"wp:attachment":[{"href":"https:\/\/www.encontraitaquera.com.br\/sobre\/wp-json\/wp\/v2\/media?parent=9055"}],"curies":[{"name":"wp","href":"https:\/\/api.w.org\/{rel}","templated":true}]}}