{"id":9059,"date":"2017-05-31T12:47:55","date_gmt":"2017-05-31T14:47:55","guid":{"rendered":"http:\/\/www.encontraitaquera.com.br\/sobre\/?page_id=9059"},"modified":"2017-06-08T13:07:46","modified_gmt":"2017-06-08T15:07:46","slug":"centro-de-treinamento-do-corinthians-em-itaquera","status":"publish","type":"page","link":"https:\/\/www.encontraitaquera.com.br\/sobre\/centro-de-treinamento-do-corinthians-em-itaquera\/","title":{"rendered":"Centro de Treinamento do Corinthians em Itaquera"},"content":{"rendered":"<div class=\"f6a401da1b960306e8d5ff784b0b5528\" data-index=\"1\" style=\"float: none; margin:0px;\">\n<!-- Anuncio display - global -->\r\n<ins class=\"adsbygoogle\"\r\n     style=\"display:block\"\r\n     data-ad-client=\"ca-pub-8585364105181520\"\r\n     data-ad-slot=\"8789329856\"\r\n     data-ad-format=\"auto\"\r\n     data-full-width-responsive=\"true\"><\/ins>\r\n<script>\r\n     (adsbygoogle = window.adsbygoogle || []).push({});\r\n<\/script>\n<\/div>\n<p>O antigo <strong>Centro de Treinamento do Corinthians em Itaquera<\/strong> possuia uma das melhores estruturas do futebol brasileiro. Mais do que um centro de treinamento, \u00e9 quase um clube de campo.<\/p>\n<p>O <em>CT Itaquera<\/em> \u00e9 posse do <em>Sport Club Corinthians Paulista<\/em> e est\u00e1 situado numa \u00e1rea de 200 mil metros quadrados e abriga as principais categorias da base do time, do sub-15 ao sub-20.<\/p>\n<p><img loading=\"lazy\" decoding=\"async\" class=\"alignnone wp-image-9201 \" title=\"Centro de Treinamento do Corinthians\" src=\"http:\/\/www.encontraitaquera.com.br\/sobre\/wp-content\/uploads\/2017\/05\/centro-de-treinamento-joaqu.jpg\" alt=\"Centro de Treinamento do Corinthians\" width=\"664\" height=\"208\" srcset=\"https:\/\/www.encontraitaquera.com.br\/sobre\/wp-content\/uploads\/2017\/05\/centro-de-treinamento-joaqu.jpg 603w, https:\/\/www.encontraitaquera.com.br\/sobre\/wp-content\/uploads\/2017\/05\/centro-de-treinamento-joaqu-300x94.jpg 300w\" sizes=\"(max-width: 664px) 100vw, 664px\" \/><\/p>\n<p>O centro oferece alojamento com 24 apartamentos (com su\u00edte), al\u00e9m de refeit\u00f3rio, piscina aquecida, sala de muscula\u00e7\u00e3o, de fisioterapia e muito mais<\/p>\n<h3>Atualidade<\/h3>\n<p>A partir de 2010 o<em> CT de Itaquera<\/em> deu lugar ao est\u00e1dio <span style=\"text-decoration: underline;\"><a href=\"http:\/\/www.encontraitaquera.com.br\/sobre\/arena-corinthians-itaquerao\/\">Arena Corinthians<\/a><\/span> popularmente conhecido como<em> Itaquer\u00e3o<\/em>, e parte de suas ativadades tranferidas para o novo centro de treinamento, o <em>Centro de Treinamento Joaquim Grava<\/em>, que fica situado no <em>Parque Ecol\u00f3gico do Tiete<\/em> e foi inaugurado em setembro de 2010.<\/p>\n<p>O <em>CT Joaquim Grava<\/em> possui 3 campo oficiais, 1 mini-campo para aquecimento e treinamento de goleiros, al\u00e9m de 32 apartamentos, audit\u00f3rio, restaurante e cozinha com capacidade para 60 pessoas, sala de fisioterapia e massagem e muito mais.<\/p>\n<h3>Hor\u00e1rio de Funcionamento CT Joaquim Grava em\u00a0Itaquera<\/h3>\n<ul>\n<li>Segunda a sexta das 8h \u00e0s 18h<\/li>\n<\/ul>\n<h3>Endere\u00e7o e Telefone CT Joaquim Grava em\u00a0Itaquera<\/h3>\n<ul>\n<li>Rua Arlindo Bettio, 502 &#8211; Trabalhadores &#8211; S\u00e3o Paulo &#8211; SP<\/li>\n<li>Telefone: (11)\u00a02095-3000<\/li>\n<\/ul>\n<h3>Outras informa\u00e7\u00f5es e site:<\/h3>\n<ul>\n<li>Mais informa\u00e7\u00f5es:\u00a0<a href=\"http:\/\/www.corinthians.com.br\/\" target=\"_blank\" rel=\"noopener noreferrer\">www.corinthians.com.br<\/a><\/li>\n<li>Antigo Centro de Treinamento do Corinthians em Itaquera: Av. Miguel Ign\u00e1cio Curi, 111 &#8211; Bairro Itaquera &#8211; SP<\/li>\n<\/ul>\n<h3>Mapa de localiza\u00e7\u00e3o:<\/h3>\n<a class=\"wp-colorbox-iframe\" href=\"https:\/\/www.google.com\/maps\/embed?pb=!1m14!1m8!1m3!1d14636.633815774816!2d-46.5081176!3d-23.4908015!3m2!1i1024!2i768!4f13.1!3m3!1m2!1s0x00xa664bb87be582339!2sCT+Joaquim+Grava!5e0!3m2!1spt-BR!2sbr!4v1496329956424\"><img decoding=\"async\" src=\"http:\/\/www.encontraitaquera.com.br\/imgs\/maps-post.png\"><\/a>\n\n<div style=\"font-size: 0px; height: 0px; line-height: 0px; margin: 0; padding: 0; clear: both;\"><\/div>","protected":false},"excerpt":{"rendered":"<p>O antigo Centro de Treinamento do Corinthians em Itaquera possuia uma das melhores estruturas do futebol brasileiro. Mais do que um centro de treinamento, \u00e9 quase um clube de campo. O CT Itaquera \u00e9 posse do Sport Club Corinthians Paulista e est\u00e1 situado numa \u00e1rea de 200 mil metros quadrados e abriga as principais categorias da base do time, do sub-15 ao sub-20. O centro oferece alojamento com 24 apartamentos (com su\u00edte), al\u00e9m de refeit\u00f3rio, piscina aquecida, sala de muscula\u00e7\u00e3o, de fisioterapia e muito mais Atualidade A partir de 2010 o CT de Itaquera deu lugar ao est\u00e1dio Arena Corinthians <\/p>\n","protected":false},"author":1,"featured_media":0,"parent":0,"menu_order":0,"comment_status":"closed","ping_status":"closed","template":"","meta":{"footnotes":""},"class_list":["post-9059","page","type-page","status-publish","hentry"],"_links":{"self":[{"href":"https:\/\/www.encontraitaquera.com.br\/sobre\/wp-json\/wp\/v2\/pages\/9059"}],"collection":[{"href":"https:\/\/www.encontraitaquera.com.br\/sobre\/wp-json\/wp\/v2\/pages"}],"about":[{"href":"https:\/\/www.encontraitaquera.com.br\/sobre\/wp-json\/wp\/v2\/types\/page"}],"author":[{"embeddable":true,"href":"https:\/\/www.encontraitaquera.com.br\/sobre\/wp-json\/wp\/v2\/users\/1"}],"replies":[{"embeddable":true,"href":"https:\/\/www.encontraitaquera.com.br\/sobre\/wp-json\/wp\/v2\/comments?post=9059"}],"version-history":[{"count":6,"href":"https:\/\/www.encontraitaquera.com.br\/sobre\/wp-json\/wp\/v2\/pages\/9059\/revisions"}],"predecessor-version":[{"id":9456,"href":"https:\/\/www.encontraitaquera.com.br\/sobre\/wp-json\/wp\/v2\/pages\/9059\/revisions\/9456"}],"wp:attachment":[{"href":"https:\/\/www.encontraitaquera.com.br\/sobre\/wp-json\/wp\/v2\/media?parent=9059"}],"curies":[{"name":"wp","href":"https:\/\/api.w.org\/{rel}","templated":true}]}}