{"id":9078,"date":"2017-05-31T13:03:36","date_gmt":"2017-05-31T15:03:36","guid":{"rendered":"http:\/\/www.encontraitaquera.com.br\/sobre\/?page_id=9078"},"modified":"2017-06-08T13:09:56","modified_gmt":"2017-06-08T15:09:56","slug":"fatec-zona-leste","status":"publish","type":"page","link":"https:\/\/www.encontraitaquera.com.br\/sobre\/fatec-zona-leste\/","title":{"rendered":"FATEC Zona Leste"},"content":{"rendered":"<div class=\"f6a401da1b960306e8d5ff784b0b5528\" data-index=\"1\" style=\"float: none; margin:0px;\">\n<!-- Anuncio display - global -->\r\n<ins class=\"adsbygoogle\"\r\n     style=\"display:block\"\r\n     data-ad-client=\"ca-pub-8585364105181520\"\r\n     data-ad-slot=\"8789329856\"\r\n     data-ad-format=\"auto\"\r\n     data-full-width-responsive=\"true\"><\/ins>\r\n<script>\r\n     (adsbygoogle = window.adsbygoogle || []).push({});\r\n<\/script>\n<\/div>\n<p>A <strong>Fatec Zona Leste<\/strong> <em>(Faculdade de Tecnologia-ZL)<\/em>, ou <em>Faculdade de Tecnologia de S\u00e3o Paulo &#8211; Campus Leste<\/em>, \u00e9 uma institui\u00e7\u00e3o de ensino superior localizada na cidade de <em>S\u00e3o Paulo<\/em>, no bairro <em>Cidade Ant\u00f4nio Est\u00eav\u00e3o de Carvalho<\/em> (distrito de Ponte Rasa).<\/p>\n<p>\u00c9 mantida pelo governo do estado de S\u00e3o Paulo e vinculada ao <em>CEETEPS (Centro Estadual de Educa\u00e7\u00e3o Tecnol\u00f3gica Paula Souza)<\/em> e \u00e0 <em>UNESP (Universidade Estadual Paulista J\u00falio de Mesquita Filho)<\/em>.<\/p>\n<p><img loading=\"lazy\" decoding=\"async\" class=\"alignnone wp-image-9264 \" title=\"FATEC Zona Leste\" src=\"http:\/\/www.encontraitaquera.com.br\/sobre\/wp-content\/uploads\/2017\/05\/fatec-zona-leste-itaquera.jpg\" alt=\"FATEC Zona Leste\" width=\"716\" height=\"199\" srcset=\"https:\/\/www.encontraitaquera.com.br\/sobre\/wp-content\/uploads\/2017\/05\/fatec-zona-leste-itaquera.jpg 680w, https:\/\/www.encontraitaquera.com.br\/sobre\/wp-content\/uploads\/2017\/05\/fatec-zona-leste-itaquera-300x83.jpg 300w\" sizes=\"(max-width: 716px) 100vw, 716px\" \/><\/p>\n<p>A <em>Faculdade de Tecnologia da Zona Leste<\/em> faz parte do <em>Centro Tecnol\u00f3gico da Zona Leste,<\/em> que \u00e9 composto pela <em>Faculdade de Tecnologia da Zona Leste (FATEC-ZL)<\/em>, pelo <em>Centro de Pesquisa e Desenvolvimento Tecnol\u00f3gico<\/em> e pela <em>Escola T\u00e9cnica Estadual da Zona Leste (ETEC-ZL)<\/em>.<\/p>\n<p>A meta da <em>Fatec Zona Leste<\/em> \u00e9 desenvolver um centro educacional de esp\u00edrito coletivo e participativo, propondo-se a realizar estudos e acreditando no potencial humano como agente transformador do processo educacional brasileiro.<\/p>\n<h3>O que \u00e9 a\u00a0Faculdades de Tecnologia do Estado de S\u00e3o Paulo &#8211; Fatec?<\/h3>\n<p>As<em> Faculdades de Tecnologia do Estado de S\u00e3o Paulo (FATECs)<\/em> s\u00e3o institui\u00e7\u00f5es p\u00fablicas de ensino superior pertencentes ao<em> Centro Estadual de Educa\u00e7\u00e3o Tecnol\u00f3gica Paula Souza (CEETEPS)<\/em>, autarquia do <em>Governo do Estado de S\u00e3o Paulo<\/em> vinculada \u00e0<em> Secretaria de Desenvolvimento Econ\u00f4mico, Ci\u00eancia e Tecnologia<\/em>. \u00c9 uma das seis institui\u00e7\u00f5es estaduais de educa\u00e7\u00e3o superior mantidas pelo governo do estado de <em>S\u00e3o Paulo<\/em>.<\/p>\n<p>Idealizada por<em> Ant\u00f4nio Francisco de Paula Sousa,<\/em> as <em>Fatecs<\/em> t\u00eam como objetivo formar tecn\u00f3logos, profissionais cujas \u00e1reas de atua\u00e7\u00e3o s\u00e3o mais espec\u00edficas em rela\u00e7\u00e3o \u00e0s demais modalidades de gradua\u00e7\u00e3o (bacharelado e licenciatura).<br \/>\nAs<em> FATECs<\/em> s\u00e3o importantes institui\u00e7\u00f5es brasileiras de ensino superior, sendo pioneiras na gradua\u00e7\u00e3o de tecn\u00f3logos. Elas est\u00e3o localizadas em diversas cidades paulistas, com cinco campi na capital e v\u00e1rias outras unidades na Grande S\u00e3o Paulo, interior e litoral.<\/p>\n<h3>Hist\u00f3rico e Estrutura<\/h3>\n<p>A faculdade foi fundada em abril de 2002 e ministra tr\u00eas cursos devidamente reconhecidos (Inform\u00e1tica para Gest\u00e3o de Neg\u00f3cios, Log\u00edstica e Transportes e Produ\u00e7\u00e3o de Pl\u00e1sticos). \u00c9 a primeira institui\u00e7\u00e3o p\u00fablica de ensino superior da <em>Zona Leste<\/em> de <em>S\u00e3o Paulo<\/em> e considerada uma das melhores institui\u00e7\u00f5es de ensino superior na \u00e1rea de tecnologia do pa\u00eds.<\/p>\n<p>O terreno onde hoje est\u00e1 instalado o <em>Centro Tecnol\u00f3gico<\/em> estava anteriormente reservado para a constru\u00e7\u00e3o de uma penitenci\u00e1ria, por\u00e9m fortes reivindica\u00e7\u00f5es da comunidade local for\u00e7aram a mudan\u00e7a de planos e a subsequente instala\u00e7\u00e3o da unidade de ensino.<br \/>\nSegundo o governo estadual, foram investidos no local R$ 7,6 milh\u00f5es em obras e equipamentos, nos tr\u00eas pr\u00e9dios da faculdade. Atualmente a <em>FATEC-ZL<\/em> conta com 5,8 mil metros quadrados de \u00e1rea constru\u00edda, audit\u00f3rio, dez laborat\u00f3rios, 16 salas de aula, biblioteca, sala de proje\u00e7\u00e3o e quadras esportivas. A institui\u00e7\u00e3o \u00e9 a d\u00e9cima unidade da <em>FATEC<\/em> criada no estado e a segunda da capital.<\/p>\n<h3>Informa\u00e7\u00f5es dos Cursos\u00a0FATEC Zona Leste<\/h3>\n<p>Uma caracter\u00edstica \u00fanica dos cursos ministrados na <em>Fatec Zona Leste<\/em> \u00e9 que o primeiro ano \u00e9 b\u00e1sico para as tr\u00eas forma\u00e7\u00f5es. Assim, a grade curricular de Inform\u00e1tica, Log\u00edstica e Produ\u00e7\u00e3o \u00e9 praticamente a mesma durante os dois primeiros semestres de curso.<\/p>\n<p>Isso d\u00e1 ao aluno, at\u00e9 o in\u00edcio do terceiro semestre, uma forma\u00e7\u00e3o gen\u00e9rica j\u00e1 que as mat\u00e9rias relacionadas ao curso ser\u00e3o ministradas apenas do terceiro semestre em diante, isso d\u00e1 a possibilidade de solicitar a transfer\u00eancia de um curso para outro, sempre respeitando a quantidade de vagas dispon\u00edveis.<\/p>\n<p>A carga hor\u00e1ria tamb\u00e9m \u00e9 padronizada para os tr\u00eas cursos, com 2.700 horas de aula e 3 anos de dura\u00e7\u00e3o.<\/p>\n<p>\u00c9 requisito obrigat\u00f3rio para a cola\u00e7\u00e3o de grau e obten\u00e7\u00e3o do diploma a apresenta\u00e7\u00e3o de documenta\u00e7\u00e3o comprovando a realiza\u00e7\u00e3o de est\u00e1gios (obrigat\u00f3rios a partir do 4\u00ba semestre, sem esse est\u00e1gio, n\u00e3o se recebe o diploma), mais a nota dada pela banca na apresenta\u00e7\u00e3o p\u00fablica do<em> TCC (Trabalho de Conclus\u00e3o de Curso)<\/em>, com defesa de monografia.<\/p>\n<h3>Demanda e Vestibular<\/h3>\n<p>O <em>Centro Tecnol\u00f3gico da Zona Leste<\/em> est\u00e1 localizado na <em>Avenida \u00c1guia de Haia<\/em>, pr\u00f3ximo ao <span style=\"text-decoration: underline;\"><a href=\"http:\/\/www.encontraitaquera.com.br\/sobre\/estacao-artur-alvim-do-metro-linha-3-vermelha\/\">Metr\u00f4 Artur Alvim<\/a><\/span>, do <em>Terminal A. E. Carvalho<\/em> e da <em>Avenida Imperador<\/em>. Seu vestibular, assim como na maioria das institui\u00e7\u00f5es p\u00fablicas no Brasil, \u00e9 um dos mais concorridos do pa\u00eds. As inscri\u00e7\u00f5es s\u00e3o geralmente abertas nos meses de maio e outubro.<\/p>\n<p>Mesmo tendo sido fundada h\u00e1 poucos anos, a <em>Fatec Zona Leste<\/em> registrou em seu curso de Inform\u00e1tica para Gest\u00e3o de Neg\u00f3cios o maior n\u00famero de inscri\u00e7\u00f5es de 2006 (862 candidatos para 40 vagas), ultrapassando o curso de Processamento de Dados (hoje An\u00e1lise e Desenvolvimento de Sistemas) da <em>FATEC Bom Retiro<\/em>, h\u00e1 anos sempre o mais disputado entre as FATECs.<\/p>\n<p>A rela\u00e7\u00e3o candidato-vaga do curso mais concorrido da<em> FATEC-ZL<\/em> em 2006 foi de 22 candidatos por vaga (contra 20 candidatos por vaga do curso mais concorrido da <em>FATEC Bom Retiro<\/em>). A demanda m\u00e9dia de candidatos por vaga nos \u00faltimos 5 vestibulares (2007, 2008 e 2009) foi de pouco mais de 7 candidatos por vaga.<\/p>\n<h3>Hor\u00e1rio de Funcionamento\u00a0Fatec Zona Leste<\/h3>\n<ul>\n<li>Segunda a sexta: Manh\u00e3 das 10h \u00e0s 12h &#8211; Tarde das 15h30 \u00e0s 17h30 &#8211; Noite das 18h30 \u00e0s 20h30<\/li>\n<\/ul>\n<h3>Endere\u00e7o e Telefone Fatec ZL em\u00a0Itaquera<\/h3>\n<ul>\n<li>Av. \u00c1guia de Haia, 2983 &#8211; Cidade A. E. Carvalho &#8211; S\u00e3o Paulo &#8211; SP<\/li>\n<li>Telefone: (11) 2049-2600 \/ 2026-0378 \/ 2026-1303 \/ 2041-2187<\/li>\n<li>METRO:\u00a0<a href=\"http:\/\/www.encontraitaquera.com.br\/sobre\/estacao-artur-alvim-do-metro-linha-3-vermelha\/\">Metr\u00f4 Artur Alvim<\/a><\/li>\n<\/ul>\n<h3>Outras informa\u00e7\u00f5es e site:<\/h3>\n<ul>\n<li>Mais informa\u00e7\u00f5es:\u00a0<a href=\"http:\/\/www.ctzl.edu.br\/\" target=\"_blank\" rel=\"noopener noreferrer\">www.ctzl.edu.br<\/a><\/li>\n<\/ul>\n<h3>Mapa de localiza\u00e7\u00e3o:<\/h3>\n<a class=\"wp-colorbox-iframe\" href=\"https:\/\/www.google.com\/maps\/embed?pb=!1m14!1m8!1m3!1d14633.226244920748!2d-46.4758299!3d-23.5214739!3m2!1i1024!2i768!4f13.1!3m3!1m2!1s0x00x8846264f927373e1!2sFaculdade+de+Tecnologia+Zona+Leste!5e0!3m2!1spt-BR!2sbr!4v1496432374818\"><img decoding=\"async\" src=\"http:\/\/www.encontraitaquera.com.br\/imgs\/maps-post.png\"><\/a>\n\n<div style=\"font-size: 0px; height: 0px; line-height: 0px; margin: 0; padding: 0; clear: both;\"><\/div>","protected":false},"excerpt":{"rendered":"<p>A Fatec Zona Leste (Faculdade de Tecnologia-ZL), ou Faculdade de Tecnologia de S\u00e3o Paulo &#8211; Campus Leste, \u00e9 uma institui\u00e7\u00e3o de ensino superior localizada na cidade de S\u00e3o Paulo, no bairro Cidade Ant\u00f4nio Est\u00eav\u00e3o de Carvalho (distrito de Ponte Rasa). \u00c9 mantida pelo governo do estado de S\u00e3o Paulo e vinculada ao CEETEPS (Centro Estadual de Educa\u00e7\u00e3o Tecnol\u00f3gica Paula Souza) e \u00e0 UNESP (Universidade Estadual Paulista J\u00falio de Mesquita Filho). A Faculdade de Tecnologia da Zona Leste faz parte do Centro Tecnol\u00f3gico da Zona Leste, que \u00e9 composto pela Faculdade de Tecnologia da Zona Leste (FATEC-ZL), pelo Centro de Pesquisa <\/p>\n","protected":false},"author":1,"featured_media":0,"parent":0,"menu_order":0,"comment_status":"closed","ping_status":"closed","template":"","meta":{"footnotes":""},"class_list":["post-9078","page","type-page","status-publish","hentry"],"_links":{"self":[{"href":"https:\/\/www.encontraitaquera.com.br\/sobre\/wp-json\/wp\/v2\/pages\/9078"}],"collection":[{"href":"https:\/\/www.encontraitaquera.com.br\/sobre\/wp-json\/wp\/v2\/pages"}],"about":[{"href":"https:\/\/www.encontraitaquera.com.br\/sobre\/wp-json\/wp\/v2\/types\/page"}],"author":[{"embeddable":true,"href":"https:\/\/www.encontraitaquera.com.br\/sobre\/wp-json\/wp\/v2\/users\/1"}],"replies":[{"embeddable":true,"href":"https:\/\/www.encontraitaquera.com.br\/sobre\/wp-json\/wp\/v2\/comments?post=9078"}],"version-history":[{"count":7,"href":"https:\/\/www.encontraitaquera.com.br\/sobre\/wp-json\/wp\/v2\/pages\/9078\/revisions"}],"predecessor-version":[{"id":9464,"href":"https:\/\/www.encontraitaquera.com.br\/sobre\/wp-json\/wp\/v2\/pages\/9078\/revisions\/9464"}],"wp:attachment":[{"href":"https:\/\/www.encontraitaquera.com.br\/sobre\/wp-json\/wp\/v2\/media?parent=9078"}],"curies":[{"name":"wp","href":"https:\/\/api.w.org\/{rel}","templated":true}]}}