{"id":9082,"date":"2017-05-31T13:09:01","date_gmt":"2017-05-31T15:09:01","guid":{"rendered":"http:\/\/www.encontraitaquera.com.br\/sobre\/?page_id=9082"},"modified":"2018-08-07T17:45:25","modified_gmt":"2018-08-07T19:45:25","slug":"arena-corinthians-itaquerao","status":"publish","type":"page","link":"https:\/\/www.encontraitaquera.com.br\/sobre\/arena-corinthians-itaquerao\/","title":{"rendered":"Arena Corinthians &#8211; Itaquer\u00e3o"},"content":{"rendered":"<div class=\"f6a401da1b960306e8d5ff784b0b5528\" data-index=\"1\" style=\"float: none; margin:0px;\">\n<!-- Anuncio display - global -->\r\n<ins class=\"adsbygoogle\"\r\n     style=\"display:block\"\r\n     data-ad-client=\"ca-pub-8585364105181520\"\r\n     data-ad-slot=\"8789329856\"\r\n     data-ad-format=\"auto\"\r\n     data-full-width-responsive=\"true\"><\/ins>\r\n<script>\r\n     (adsbygoogle = window.adsbygoogle || []).push({});\r\n<\/script>\n<\/div>\n<p>O\u00a0<strong>Arena Itaquera<\/strong> ou <strong>Arena Corinthians<\/strong> \u00e9 o novo <em>Est\u00e1dio do Sport Club Corinthians Paulista<\/em> que come\u00e7ou a ser constru\u00edda no dia 30 de maio de 2011 e ocupa um espa\u00e7o de 198.000 m\u00b2.<\/p>\n<p>Denominado pela <em>FIFA<\/em> como <em>Arena de S\u00e3o Paulo<\/em> e tamb\u00e9m conhecido como <em>Itaquer\u00e3o<\/em> ou <em>Fielz\u00e3o<\/em> ser\u00e1 um est\u00e1dio de propriedade do <em>Sport Club Corinthians Paulista<\/em>, localizado no distrito de <em>Itaquera<\/em>, zona leste de <em>S\u00e3o Paulo<\/em>.<\/p>\n<p><img loading=\"lazy\" decoding=\"async\" class=\"alignnone wp-image-9187 \" title=\"Arena Corinthians - Itaquer\u00e3o\" src=\"http:\/\/www.encontraitaquera.com.br\/sobre\/wp-content\/uploads\/2017\/05\/arena-corinthians-itaquera.jpg\" alt=\"Arena Corinthians - Itaquer\u00e3o\" width=\"686\" height=\"299\" srcset=\"https:\/\/www.encontraitaquera.com.br\/sobre\/wp-content\/uploads\/2017\/05\/arena-corinthians-itaquera.jpg 780w, https:\/\/www.encontraitaquera.com.br\/sobre\/wp-content\/uploads\/2017\/05\/arena-corinthians-itaquera-300x131.jpg 300w, https:\/\/www.encontraitaquera.com.br\/sobre\/wp-content\/uploads\/2017\/05\/arena-corinthians-itaquera-768x335.jpg 768w\" sizes=\"(max-width: 686px) 100vw, 686px\" \/><\/p>\n<p>A <em>Arena Corinthians<\/em> custou cerca de R$ 820 milh\u00f5es de reais e foi constru\u00edda para receber 48 mil torcedores durante jogos do <em>SCCP<\/em> e 65 mil expectadores durante a <em>Copa do Mundo de 2014<\/em>.<\/p>\n<p>O\u00a0est\u00e1dio ficou pronto e foi entregue no dia 15 de abril de 2014 e o jogo de estr\u00e9ia aconteceu entre v\u00e1rios \u00eddolos da torcida <em>Corinthiana<\/em>.<\/p>\n<p>No domingo (18\/5), o est\u00e1dio de <em>Itaquera<\/em> recebeu o primeiro jogo oficial do<em> Corinthians<\/em> em sua nova casa. O advers\u00e1rio foi o <em>Figueirense,<\/em> em partida v\u00e1lida pelo <em>Campeonato Brasileiro<\/em> e os visitantes venceram. (Corinthians 0 x 1 Figueirense). O jogador<em> Giovani Augusto<\/em> foi o autor do primeiro gol oficial da hist\u00f3ria da <em>Arena Corinthians<\/em>.<\/p>\n<p>O acesso ao est\u00e1dio pode ser realizado de metr\u00f4 e \u00e9 r\u00e1pido e tranquilo. O torcedor desembarca em frente ao est\u00e1dio e caminha apenas 3 ou 4 minutos at\u00e9 o port\u00e3o de entrada. J\u00e1 de carro o acesso \u00e9 mais complicado e caro, mas \u00e9 tamb\u00e9m uma op\u00e7\u00e3o a quem chega \u00e0 Itaquera.<\/p>\n<p>Adentrando os port\u00f5es, logo de cara, pode-se notar o luxo e conforto estampados por todos os locais da Arena. Paredes de m\u00e1rmore, banheiros com temporizadores, torneiras de ultima gera\u00e7\u00e3o e lanchonetes est\u00e3o por todos os lados. O est\u00e1dio contar\u00e1 futuramente com lojas, restaurantes e um shopping interno.<\/p>\n<p>Estranho para muitos torcedores que n\u00e3o est\u00e3o acostumados com esse padr\u00e3o de est\u00e1dio, nem com o padr\u00e3o imposto pela <em>FIFA<\/em>, o est\u00e1dio, sonho de muitos <em>Corinthianos<\/em>, ainda precisa a tal \u201cAlma Corinthiana\u201d para se tornar de verdade a casa da Fiel Torcida Corinthiana.<\/p>\n<h3>Hist\u00f3rico da Arena Corinthians<\/h3>\n<p><img loading=\"lazy\" decoding=\"async\" class=\"alignnone\" title=\"Obras Itaquer\u00e3o - Arena Corinthians em Itaquera\" src=\"http:\/\/www.encontraitaquera.com.br\/imgs\/imagens-itaquera\/estadio-itaqueirao.jpg\" alt=\"Obras Itaquer\u00e3o - Arena Corinthians em Itaquera\" width=\"560\" height=\"214\" \/><\/p>\n<p>O nome oficial do <em>Est\u00e1dio<\/em> ser\u00e1 definido atrav\u00e9s de um contrato de direitos de nome. O empreendimento comportar\u00e1 estacionamento com 4 mil vagas, lojas e restaurantes.<\/p>\n<p>O complexo est\u00e1 sendo constru\u00eddo num terreno de 200 mil m\u00b2 na<em> Zona Leste<\/em>, ao lado da <span style=\"text-decoration: underline;\"><a href=\"http:\/\/www.encontraitaquera.com.br\/sobre\/estacao-corinthians-itaquera-linha-3-vermelha\/\">Esta\u00e7\u00e3o Corinthians-Itaquera<\/a><\/span> do metr\u00f4 e da CPTM, onde situava-se o <em>Centro de Treinamento<\/em> para as categorias de base do <em>Corinthians<\/em>.<\/p>\n<p>Anunciado em 27 de agosto de 2010, o projeto inicial do est\u00e1dio previa capacidade para 48.000 pessoas e um or\u00e7amento de R$ 350 Milh\u00f5es. Ao ser designado pelo<em> Comit\u00ea Organizador Local<\/em> como poss\u00edvel sede da abertura da <em>Copa do Mundo FIFA de 2014<\/em>, o valor da obra chegou a R$ 820 Milh\u00f5es para atender as exig\u00eancias t\u00e9cnicas da<em> FIFA<\/em> para tal evento.<\/p>\n<p>Al\u00e9m desse valor, R$ 35 Milh\u00f5es ser\u00e3o pagos pela <em>AmBev<\/em> para o aluguel e montagem de arquibancadas tempor\u00e1rias com capacidade para 20.000 pessoas, aumentando a capacidade para 68.000 espectadores, superando o m\u00ednimo de lugares exigido pela <em>FIFA<\/em> para a abertura de uma<em> Copa do Mundo<\/em>, que \u00e9 de 65.000 espectadores.<\/p>\n<p>Dos R$ 820 Milh\u00f5es previstos no or\u00e7amento, R$ 400 Milh\u00f5es ser\u00e3o financiados atrav\u00e9s de um empr\u00e9stimo do <em>BNDES<\/em> a ser pago pelo <em>Corinthians<\/em> em conjunto com a construtora, a <em>Organiza\u00e7\u00e3o Odebrecht<\/em>.<\/p>\n<p>Os R$ 420 Milh\u00f5es restantes ser\u00e3o pagos atrav\u00e9s de<em> Certificados de Incentivo ao Desenvolvimento<\/em> emitidos pela <em>Prefeitura de S\u00e3o Paulo<\/em>.<br \/>\nA emiss\u00e3o de <em>Certificados de Incentivo ao Desenvolvimento<\/em> para a constru\u00e7\u00e3o do est\u00e1dio corresponde a uma lei municipal de Incentivo ao Desenvolvimento que \u00e9 aplicada a qualquer investimento na<em> Zona Leste<\/em> da cidade de<em> S\u00e3o Paulo<\/em> e n\u00e3o consiste em dinheiro que o governo ir\u00e1 pagar diretamente, mas indiretamente atrav\u00e9s de valores de impostos que ele deixar\u00e1 de receber.<\/p>\n<p>As obras come\u00e7aram oficialmente em 30 de maio de 2011 com a terraplanagem, iniciando-se a fase de funda\u00e7\u00f5es no m\u00eas de julho.<\/p>\n<p>Em 6 de setembro foram comemorados os primeiros 100 dias de obras, que entraram em ritmo acelerado ap\u00f3s a assinatura do contrato com a Odebrecht.<\/p>\n<p>No dia 20 de outubro a <em>FIFA<\/em> anunciou oficialmente o est\u00e1dio como local da partida de abertura da<em> Copa.<\/em><\/p>\n<p>Al\u00e9m da estreia, o <em>Itaquer\u00e3o<\/em> recebera outras tr\u00eas partidas da fase de grupos, uma das oitavas de final e uma da semifinal.<br \/>\nA <em>Construtora Odebrecht<\/em> j\u00e1 aplicou em torno de R$ 400 Milh\u00f5es na obra, sendo que estes valores correspondem a empr\u00e9stimos de Bancos que, posteriormente ser\u00e1 pago com o empr\u00e9stimo de R$ 400 Milh\u00f5es do<em> BNDES<\/em>, enquanto os juros ser\u00e3o pagos pelo <em>Corinthians<\/em>.<\/p>\n<p>A estimativa do governo federal \u00e9 que mais 82% dos torcedores cheguem ao local de transporte coletivo (metr\u00f4, \u00f4nibus e trem). O p\u00fablico ter\u00e1 duas esta\u00e7\u00f5es de trem e metr\u00f4 para chegar ao est\u00e1dio, al\u00e9m de um terminal de \u00f4nibus. As esta\u00e7\u00f5es ficam a menos de 800 metros do loca<\/p>\n<h3>Cronologia da Arena Corinthians<\/h3>\n<p><strong>13 de agosto de 2010:<\/strong> O ent\u00e3o Presidente do Corinthians Andr\u00e9s Sanches anuncia a constru\u00e7\u00e3o do Est\u00e1dio do Corinthians com quatro projetos diferentes. At\u00e9 ent\u00e3o Itaquera tinha 80% de chances para ser escolhida o local do Est\u00e1dio Corintiano.<\/p>\n<p><strong>31 de agosto de 2010:<\/strong> Pouco antes da Festa do Centen\u00e1rio Corintiano, o Clube anunciou oficialmente a constru\u00e7\u00e3o da Arena. At\u00e9 ent\u00e3o o Est\u00e1dio estava or\u00e7ado em R$ 335 mi e capacidade para 48 mil espectadores. O projeto n\u00e3o previa o est\u00e1dio como sede da Copa do Mundo de 2014.<\/p>\n<p><strong>30 de maio de 2011:<\/strong> Por volta das 8h15 iniciam as obras de terraplanagem.<\/p>\n<p><strong>20 de outubro de 2011:<\/strong> A FIFA confirma a Arena Corinthians como palco de abertura da Copa do Mundo de 2014. Al\u00e9m de abrigar o jogo inaugural do Torneio, foi definida como sede de uma das semifinais al\u00e9m de mais 4 partidas, totalizando assim 6 jogos.<\/p>\n<p><strong>13 de dezembro de 2011:<\/strong> A Arena recebe as primeiras vigas de sustenta\u00e7\u00e3o das arquibancadas.<\/p>\n<p><strong>26 de janeiro de 2012:<\/strong> Em nota oficial, o Corinthians anuncia que 25% das obras j\u00e1 haviam sido conclu\u00eddas.<\/p>\n<p><strong>3 de abril de 2012:<\/strong> Segundo o site oficial do Corinthians, a obra atinge 30% de conclus\u00e3o. Nesse est\u00e1gio da obra iniciaram o assentamento de degraus da arquibancada superior leste.<\/p>\n<p><strong>13 de julho de 2012:<\/strong> Segundo o site oficial da Odebrecht, a obra atinge 42% de conclus\u00e3o, contando com o apoio de aproximadamente 2 mil trabalhadores em tr\u00eas turnos di\u00e1rios. At\u00e9 momento, os trabalhos de assentamento dos degraus do pr\u00e9dio Leste est\u00e3o praticamente conclu\u00eddos e o mesmo servi\u00e7o tamb\u00e9m avan\u00e7a nos edif\u00edcios Sul e Norte.<\/p>\n<p><strong>15 de agosto de 2012:<\/strong> Segundo a Odebrecht, as obras do futuro est\u00e1dio do Corinthians em Itaquera ultrapassaram a marca de 45% de conclus\u00e3o.<\/p>\n<p><strong>4 de setembro de 2012:<\/strong> Segundo a Odebrecht, as obras do futuro est\u00e1dio do Corinthians em Itaquera ultrapassaram a marca de 48,74% de conclus\u00e3o.<\/p>\n<p><strong>3 de outubro de 2012:<\/strong> Segundo a Odebrecht, as obras do futuro est\u00e1dio do Corinthians em Itaquera ultrapassaram a marca de 51,38% de conclus\u00e3o.<\/p>\n<p><strong>18 de dezembro de 2012:<\/strong> De acordo com o Corinthians e a Odebrecht, as obras do futuro est\u00e1dio do Corinthians em Itaquera ultrapassaram a marca de 60% de conclus\u00e3o.<\/p>\n<h3>Melhorias urbanas na regi\u00e3o do Est\u00e1dio Arena\u00a0Itaquera<\/h3>\n<p>Diversas melhorias propostas pelo<em> Governo de S\u00e3o Paulo<\/em> e pela <em>Prefeitura Municipal de S\u00e3o Paulo<\/em>, deixaram um legado relevante para toda a regi\u00e3o de <em>Itaquera.<\/em><\/p>\n<p>O projeto de reestrutura\u00e7\u00e3o inclui:<\/p>\n<p>Polo Institucional de Itaquera (com F\u00f3rum); Etec (Escola T\u00e9cnica Estadual); Fatec (Faculdade de Tecnologia); Senai (Sistema Nacional de Aprendizagem Industrial); Quartel da Pol\u00edcia Militar e do Corpo de Bombeiros; Centro de Conven\u00e7\u00f5es; Parque Ecol\u00f3gico; Nova Rodovi\u00e1ria.<\/p>\n<h3>Sistema vi\u00e1rio na Regi\u00e3o da Arena\u00a0Itaquera<\/h3>\n<p><img loading=\"lazy\" decoding=\"async\" class=\"alignnone\" title=\"Sistema vi\u00e1rio na Regi\u00e3o da Arena Itaquera\" src=\"http:\/\/www.encontraitaquera.com.br\/imgs\/imagens-itaquera\/itaquerao-entorno-estadio.jpg\" alt=\"Sistema vi\u00e1rio na Regi\u00e3o da Arena Itaquera\" width=\"509\" height=\"248\" \/><\/p>\n<p>As obras vi\u00e1rias previstas para a regi\u00e3o consistem:<\/p>\n<p>Na abertura de uma nova avenida de liga\u00e7\u00e3o<em> Norte-Sul<\/em>, no trecho entre as avenidas<em> Itaquera<\/em> e J<em>os\u00e9 Pinheiro Borges (Nova Radial)<\/em>, incluindo as transposi\u00e7\u00f5es em desn\u00edvel sobre as linhas do <em>Metr\u00f4<\/em> e da <em>CPTM<\/em>.<\/p>\n<p>Nova avenida, articulando a Liga\u00e7\u00e3o <em>Norte-Sul<\/em> com a <em>Avenida Miguel In\u00e1cio Curi,<\/em> junto \u00e0 adutora da <em>SABESP<\/em> existente, adequa\u00e7\u00e3o vi\u00e1ria no cruzamento da <em>Avenida Miguel In\u00e1cio Curi<\/em> com a <em>Avenida Engenheiro Adervan Machado<\/em>, e novas al\u00e7as de liga\u00e7\u00e3o no cruzamento da <em>Avenida Jacu P\u00eassego<\/em> com a <em>Avenida Jos\u00e9 Pinheiro Borges (Nova Radial)<\/em>.<\/p>\n<h3>Abertura da Copa do Mundo Brasil 2014<\/h3>\n<p><img loading=\"lazy\" decoding=\"async\" class=\"alignnone wp-image-9185 size-full\" title=\"Abertura Copa do Mundo 2014 Arena Corinthians\" src=\"http:\/\/www.encontraitaquera.com.br\/sobre\/wp-content\/uploads\/2017\/05\/abertura-da-copa-do-mundo-em-2014-arena-itaquera.jpg\" alt=\"Abertura Copa do Mundo 2014 Arena Corinthians\" width=\"660\" height=\"300\" srcset=\"https:\/\/www.encontraitaquera.com.br\/sobre\/wp-content\/uploads\/2017\/05\/abertura-da-copa-do-mundo-em-2014-arena-itaquera.jpg 660w, https:\/\/www.encontraitaquera.com.br\/sobre\/wp-content\/uploads\/2017\/05\/abertura-da-copa-do-mundo-em-2014-arena-itaquera-300x136.jpg 300w, https:\/\/www.encontraitaquera.com.br\/sobre\/wp-content\/uploads\/2017\/05\/abertura-da-copa-do-mundo-em-2014-arena-itaquera-772x350.jpg 772w\" sizes=\"(max-width: 660px) 100vw, 660px\" \/><\/p>\n<p>A <em>Arena Corinthians Itaquera<\/em> recebeu a abertura da <em>Copa do Mundo FIFA de 2014<\/em>, al\u00e9m de seis jogos, sendo quatro jogos da fase inicial, um jogo das oitavas-de-final e um jogo das semifinais. Durante a <em>Copa<\/em> o est\u00e1dio ser\u00e1 chamado de &#8220;Arena de S\u00e3o Paulo&#8221;.<\/p>\n<h3>Endere\u00e7o e Telefone Arena Itaquera<\/h3>\n<ul>\n<li>Av. Miguel Ign\u00e1cio Curi, 111, Itaquera &#8211; S\u00e3o Paulo &#8211; SP<\/li>\n<li>Telefone: (11)\u00a03152-4099<\/li>\n<\/ul>\n<h3>Outras informa\u00e7\u00f5es e site:<\/h3>\n<ul>\n<li>Mais informa\u00e7\u00f5es:\u00a0<a href=\"http:\/\/www.arenacorinthians.com.br\/\" target=\"_blank\" rel=\"noopener noreferrer\">www.arenacorinthians.com.br<\/a><\/li>\n<\/ul>\n<h3>Mapa de localiza\u00e7\u00e3o:<\/h3>\n<a class=\"wp-colorbox-iframe\" href=\"https:\/\/www.google.com\/maps\/embed?pb=!1m14!1m8!1m3!1d14630.573915209152!2d-46.4742676!3d-23.5453221!3m2!1i1024!2i768!4f13.1!3m3!1m2!1s0x00xf2b061ffbcd2ecf8!2sArena+Corinthians!5e0!3m2!1spt-BR!2sbr!4v1496324105061\"><img decoding=\"async\" src=\"http:\/\/www.encontraitaquera.com.br\/imgs\/maps-post.png\"><\/a>\n\n<div style=\"font-size: 0px; height: 0px; line-height: 0px; margin: 0; padding: 0; clear: both;\"><\/div>","protected":false},"excerpt":{"rendered":"<p>O\u00a0Arena Itaquera ou Arena Corinthians \u00e9 o novo Est\u00e1dio do Sport Club Corinthians Paulista que come\u00e7ou a ser constru\u00edda no dia 30 de maio de 2011 e ocupa um espa\u00e7o de 198.000 m\u00b2. Denominado pela FIFA como Arena de S\u00e3o Paulo e tamb\u00e9m conhecido como Itaquer\u00e3o ou Fielz\u00e3o ser\u00e1 um est\u00e1dio de propriedade do Sport Club Corinthians Paulista, localizado no distrito de Itaquera, zona leste de S\u00e3o Paulo. A Arena Corinthians custou cerca de R$ 820 milh\u00f5es de reais e foi constru\u00edda para receber 48 mil torcedores durante jogos do SCCP e 65 mil expectadores durante a Copa do Mundo <\/p>\n","protected":false},"author":1,"featured_media":0,"parent":0,"menu_order":0,"comment_status":"closed","ping_status":"closed","template":"","meta":{"footnotes":""},"class_list":["post-9082","page","type-page","status-publish","hentry"],"_links":{"self":[{"href":"https:\/\/www.encontraitaquera.com.br\/sobre\/wp-json\/wp\/v2\/pages\/9082"}],"collection":[{"href":"https:\/\/www.encontraitaquera.com.br\/sobre\/wp-json\/wp\/v2\/pages"}],"about":[{"href":"https:\/\/www.encontraitaquera.com.br\/sobre\/wp-json\/wp\/v2\/types\/page"}],"author":[{"embeddable":true,"href":"https:\/\/www.encontraitaquera.com.br\/sobre\/wp-json\/wp\/v2\/users\/1"}],"replies":[{"embeddable":true,"href":"https:\/\/www.encontraitaquera.com.br\/sobre\/wp-json\/wp\/v2\/comments?post=9082"}],"version-history":[{"count":9,"href":"https:\/\/www.encontraitaquera.com.br\/sobre\/wp-json\/wp\/v2\/pages\/9082\/revisions"}],"predecessor-version":[{"id":10072,"href":"https:\/\/www.encontraitaquera.com.br\/sobre\/wp-json\/wp\/v2\/pages\/9082\/revisions\/10072"}],"wp:attachment":[{"href":"https:\/\/www.encontraitaquera.com.br\/sobre\/wp-json\/wp\/v2\/media?parent=9082"}],"curies":[{"name":"wp","href":"https:\/\/api.w.org\/{rel}","templated":true}]}}