{"id":9086,"date":"2017-05-31T14:24:02","date_gmt":"2017-05-31T16:24:02","guid":{"rendered":"http:\/\/www.encontraitaquera.com.br\/sobre\/?page_id=9086"},"modified":"2017-06-08T13:10:38","modified_gmt":"2017-06-08T15:10:38","slug":"oficina-cultural-alfredo-volpi-em-itaquera","status":"publish","type":"page","link":"https:\/\/www.encontraitaquera.com.br\/sobre\/oficina-cultural-alfredo-volpi-em-itaquera\/","title":{"rendered":"Oficina Cultural Alfredo Volpi em Itaquera"},"content":{"rendered":"<div class=\"f6a401da1b960306e8d5ff784b0b5528\" data-index=\"1\" style=\"float: none; margin:0px;\">\n<!-- Anuncio display - global -->\r\n<ins class=\"adsbygoogle\"\r\n     style=\"display:block\"\r\n     data-ad-client=\"ca-pub-8585364105181520\"\r\n     data-ad-slot=\"8789329856\"\r\n     data-ad-format=\"auto\"\r\n     data-full-width-responsive=\"true\"><\/ins>\r\n<script>\r\n     (adsbygoogle = window.adsbygoogle || []).push({});\r\n<\/script>\n<\/div>\n<p>A <strong>Oficina Cultural Alfredo Volpi em Itaquera<\/strong> realiza atividades <em>gratuitas<\/em> de forma\u00e7\u00e3o e difus\u00e3o cultural em diferentes linguagens art\u00edsticas: artes pl\u00e1sticas, fotografia, gest\u00e3o cultural, hist\u00f3ria em quadrinhos, literatura, m\u00fasica, teatro e dan\u00e7a.<\/p>\n<p>S\u00e3o cursos, palestras, oficinas, workshops, espet\u00e1culos e exposi\u00e7\u00f5es para todos os p\u00fablicos.<\/p>\n<p><img loading=\"lazy\" decoding=\"async\" class=\"alignnone wp-image-9314 \" title=\"Oficina Cultural Alfredo Volpi em Itaquera\" src=\"http:\/\/www.encontraitaquera.com.br\/sobre\/wp-content\/uploads\/2017\/05\/oficina-cultural-alfredo-vo.jpg\" alt=\"Oficina Cultural Alfredo Volpi em Itaquera\" width=\"624\" height=\"275\" srcset=\"https:\/\/www.encontraitaquera.com.br\/sobre\/wp-content\/uploads\/2017\/05\/oficina-cultural-alfredo-vo.jpg 429w, https:\/\/www.encontraitaquera.com.br\/sobre\/wp-content\/uploads\/2017\/05\/oficina-cultural-alfredo-vo-300x132.jpg 300w\" sizes=\"(max-width: 624px) 100vw, 624px\" \/><\/p>\n<h3>Hor\u00e1rio de Funcionamento Oficina Cultural Alfredo Volpi<\/h3>\n<ul>\n<li>Segunda a sexta das 9h \u00e0s 22h e s\u00e1bado das 10h \u00e0s 18h<\/li>\n<\/ul>\n<h3>Endere\u00e7o e Telefone Oficina Cultural Alfredo Volpi Itaquera<\/h3>\n<ul>\n<li>Rua Am\u00e9rico Salvador Novelli, 416, Itaquera &#8211; S\u00e3o Paulo &#8211; SP<\/li>\n<li>Telefone: (11) 2205-5180 \/ 2056-5028<\/li>\n<\/ul>\n<h3>Outras informa\u00e7\u00f5es e site:<\/h3>\n<ul>\n<li>Mais informa\u00e7\u00f5es:\u00a0<a href=\"http:\/\/www.oficinasculturais.org.br\" target=\"_blank\" rel=\"noopener noreferrer\">www.oficinasculturais.org.br<\/a><\/li>\n<\/ul>\n<h3>Mapa de localiza\u00e7\u00e3o:<\/h3>\n<a class=\"wp-colorbox-iframe\" href=\"https:\/\/www.google.com\/maps\/embed?pb=!1m14!1m8!1m3!1d14631.334165842307!2d-46.454148!3d-23.5384887!3m2!1i1024!2i768!4f13.1!3m3!1m2!1s0x00xbc23880a08e6e1a4!2sOficina+Cultural+Alfredo+Volpi!5e0!3m2!1spt-BR!2sbr!4v1496757184421\"><img decoding=\"async\" src=\"http:\/\/www.encontraitaquera.com.br\/imgs\/maps-post.png\"><\/a>\n\n<div style=\"font-size: 0px; height: 0px; line-height: 0px; margin: 0; padding: 0; clear: both;\"><\/div>","protected":false},"excerpt":{"rendered":"<p>A Oficina Cultural Alfredo Volpi em Itaquera realiza atividades gratuitas de forma\u00e7\u00e3o e difus\u00e3o cultural em diferentes linguagens art\u00edsticas: artes pl\u00e1sticas, fotografia, gest\u00e3o cultural, hist\u00f3ria em quadrinhos, literatura, m\u00fasica, teatro e dan\u00e7a. S\u00e3o cursos, palestras, oficinas, workshops, espet\u00e1culos e exposi\u00e7\u00f5es para todos os p\u00fablicos. Hor\u00e1rio de Funcionamento Oficina Cultural Alfredo Volpi Segunda a sexta das 9h \u00e0s 22h e s\u00e1bado das 10h \u00e0s 18h Endere\u00e7o e Telefone Oficina Cultural Alfredo Volpi Itaquera Rua Am\u00e9rico Salvador Novelli, 416, Itaquera &#8211; S\u00e3o Paulo &#8211; SP Telefone: (11) 2205-5180 \/ 2056-5028 Outras informa\u00e7\u00f5es e site: Mais informa\u00e7\u00f5es:\u00a0www.oficinasculturais.org.br Mapa de localiza\u00e7\u00e3o:<\/p>\n","protected":false},"author":1,"featured_media":0,"parent":0,"menu_order":0,"comment_status":"closed","ping_status":"closed","template":"","meta":{"footnotes":""},"class_list":["post-9086","page","type-page","status-publish","hentry"],"_links":{"self":[{"href":"https:\/\/www.encontraitaquera.com.br\/sobre\/wp-json\/wp\/v2\/pages\/9086"}],"collection":[{"href":"https:\/\/www.encontraitaquera.com.br\/sobre\/wp-json\/wp\/v2\/pages"}],"about":[{"href":"https:\/\/www.encontraitaquera.com.br\/sobre\/wp-json\/wp\/v2\/types\/page"}],"author":[{"embeddable":true,"href":"https:\/\/www.encontraitaquera.com.br\/sobre\/wp-json\/wp\/v2\/users\/1"}],"replies":[{"embeddable":true,"href":"https:\/\/www.encontraitaquera.com.br\/sobre\/wp-json\/wp\/v2\/comments?post=9086"}],"version-history":[{"count":5,"href":"https:\/\/www.encontraitaquera.com.br\/sobre\/wp-json\/wp\/v2\/pages\/9086\/revisions"}],"predecessor-version":[{"id":9468,"href":"https:\/\/www.encontraitaquera.com.br\/sobre\/wp-json\/wp\/v2\/pages\/9086\/revisions\/9468"}],"wp:attachment":[{"href":"https:\/\/www.encontraitaquera.com.br\/sobre\/wp-json\/wp\/v2\/media?parent=9086"}],"curies":[{"name":"wp","href":"https:\/\/api.w.org\/{rel}","templated":true}]}}