{"id":9088,"date":"2017-05-31T14:25:19","date_gmt":"2017-05-31T16:25:19","guid":{"rendered":"http:\/\/www.encontraitaquera.com.br\/sobre\/?page_id=9088"},"modified":"2017-06-08T13:32:21","modified_gmt":"2017-06-08T15:32:21","slug":"pat-poupatempo-itaquera","status":"publish","type":"page","link":"https:\/\/www.encontraitaquera.com.br\/sobre\/pat-poupatempo-itaquera\/","title":{"rendered":"PAT Poupatempo Itaquera"},"content":{"rendered":"<div class=\"f6a401da1b960306e8d5ff784b0b5528\" data-index=\"1\" style=\"float: none; margin:0px;\">\n<!-- Anuncio display - global -->\r\n<ins class=\"adsbygoogle\"\r\n     style=\"display:block\"\r\n     data-ad-client=\"ca-pub-8585364105181520\"\r\n     data-ad-slot=\"8789329856\"\r\n     data-ad-format=\"auto\"\r\n     data-full-width-responsive=\"true\"><\/ins>\r\n<script>\r\n     (adsbygoogle = window.adsbygoogle || []).push({});\r\n<\/script>\n<\/div>\n<p>O <strong>PAT Poupatempo Itaquera<\/strong>, oferece cerca de 10 tipos de servi\u00e7os, entre eles a emiss\u00e3o de Carteira de Trabalho, de Motorista, RG, homologa\u00e7\u00e3o de contratos, entrada em seguro-desemprego, al\u00e9m de cadastro de curr\u00edculos e encaminhamento para vagas e diversos projetos todos voltados em auxiliar a m\u00e3o-de-obra profissional dispon\u00edvel no mercado.<\/p>\n<p>Os <em>PATs<\/em> foram implantados em 1994, sendo que no <em>PAT Itaquera<\/em> funciona um dos 21 <em>Centros Regionais<\/em> que \u00e9 composta a rede estadual.<\/p>\n<p><img loading=\"lazy\" decoding=\"async\" class=\"alignnone wp-image-9331 \" title=\"PAT Poupatempo Itaquera\" src=\"http:\/\/www.encontraitaquera.com.br\/sobre\/wp-content\/uploads\/2017\/05\/pat-poupatempo-itaquera.jpg\" alt=\"PAT Poupatempo Itaquera\" width=\"706\" height=\"228\" srcset=\"https:\/\/www.encontraitaquera.com.br\/sobre\/wp-content\/uploads\/2017\/05\/pat-poupatempo-itaquera.jpg 585w, https:\/\/www.encontraitaquera.com.br\/sobre\/wp-content\/uploads\/2017\/05\/pat-poupatempo-itaquera-300x97.jpg 300w\" sizes=\"(max-width: 706px) 100vw, 706px\" \/><\/p>\n<h2>PAT Itaquera SP: Servi\u00e7os e Vagas<\/h2>\n<p>Considerados um dos servi\u00e7os p\u00fablicos mais bem avaliados, o <a href=\"http:\/\/www.encontraitaquera.com.br\/sobre\/poupatempo-itaquera\/\"><span style=\"text-decoration: underline;\">Poupatempo<\/span><\/a> agiliza solicita\u00e7\u00f5es burocr\u00e1ticas do cidad\u00e3o, como emiss\u00e3o de<em> Carteira de Identidade, Carteira Nacional de Habilita\u00e7\u00e3o, CPF, licenciamento de ve\u00edculos, Atestado de Antecedentes Criminais, Carteira de Trabalho,<\/em> entre outros.<\/p>\n<p>Os <em>PATs<\/em> t\u00eam por objetivo a busca de alternativas para a inser\u00e7\u00e3o dos trabalhadores no mercado de trabalho, propiciando informa\u00e7\u00f5es e orienta\u00e7\u00f5es ao trabalhador na procura por vagas de emprego e, aos empregadores, na busca de recursos humanos, promovendo o encontro de ambos de maneira \u00e1gil, minimizando o custo social causado pelo desemprego.<\/p>\n<p>Concentram os servi\u00e7os prestados pela Secretaria, sendo centros de refer\u00eancia das pol\u00edticas p\u00fablicas de gera\u00e7\u00e3o de emprego e renda.<\/p>\n<h3>Documenta\u00e7\u00e3o necess\u00e1ria para cadastro:<\/h3>\n<ul>\n<li>RG<\/li>\n<li>CPF<\/li>\n<li>Comprovante de endere\u00e7o (n\u00e3o precisa estar no nome)<\/li>\n<li>Carteira de Trabalho (CTPS).<\/li>\n<\/ul>\n<h3>Cadastro online<\/h3>\n<p>\u00c9 poss\u00edvel efetuar a candidatura atrav\u00e9s do site do <em>Mais Empregos<\/em> que pertence ao<em> Minist\u00e9rio do Trabalho e Emprego (MTE).<\/em><\/p>\n<p>\u00c9 preciso que o candidato tenha um <em>N\u00famero de Inscri\u00e7\u00e3o Social \u2013 NIT<\/em>, que pode ser o<em> PIS, PASEP <\/em>ou<em> NIS<\/em>.<\/p>\n<p>Al\u00e9m disso \u00e9 preciso informar os dados de sua carteira de trabalho (caso n\u00e3o possua esses documentos procure a unidade do <em>PAT<\/em> para emiti-los gratuitamente).<\/p>\n<h3>Cadastro para empresa e empregadores<\/h3>\n<p>Empresas e empregadores podem divulgar vagas pelo site do Mais emprego.<\/p>\n<p><strong>Site<\/strong>:\u00a0<a href=\"http:\/\/maisemprego.mte.gov.br\/\" target=\"_blank\" rel=\"noopener noreferrer\">www.maisemprego.mte.gov.br<\/a><\/p>\n<h3>Hor\u00e1rio de Atendimento PAT Itaquera<\/h3>\n<ul>\n<li>Segunda a Sexta das 9h \u00e0s 17h e s\u00e1bado das 9h \u00e0s 13h<\/li>\n<\/ul>\n<h3>Endere\u00e7o e Telefone PAT Poupatempo Itaquera<\/h3>\n<ul>\n<li>Av. do Contorno, 60, Itaquera &#8211; S\u00e3o Paulo &#8211; SP<\/li>\n<li>Telefone: (11) 3456-7030 \/ 3456-7058<\/li>\n<\/ul>\n<h4>Outras informa\u00e7\u00f5es e site:<\/h4>\n<p>Informa\u00e7\u00f5es sobre os servi\u00e7os oferecidos e documentos necess\u00e1rios, assim como condi\u00e7\u00f5es, prazos e taxas podem ser obtidas gratuitamente pelo <span style=\"text-decoration: underline;\">Disque Poupatempo<\/span> (0800 772 36 33).<\/p>\n<ul>\n<li>Mais informa\u00e7\u00f5es:\u00a0<a href=\"https:\/\/www.poupatempo.sp.gov.br\/\" target=\"_blank\" rel=\"noopener noreferrer\">www.poupatempo.sp.gov.br<\/a><\/li>\n<li><strong>E-mail:<\/strong> maria.cotunha@poupatempo.sp.gov.br<\/li>\n<li>Veja outras unidades do <span style=\"text-decoration: underline;\"><a href=\"https:\/\/www.encontrasaopaulo.com.br\/unidades-pat-sp\/\" target=\"_blank\" rel=\"noopener noreferrer\">PAT &#8211; SP<\/a><\/span><\/li>\n<\/ul>\n<h4>Mapa de localiza\u00e7\u00e3o:<\/h4>\n<a class=\"wp-colorbox-iframe\" href=\"https:\/\/www.google.com\/maps\/embed?pb=!1m14!1m8!1m3!1d14630.984439017511!2d-46.4712308!3d-23.5416324!3m2!1i1024!2i768!4f13.1!3m3!1m2!1s0x00x65f418695d2db346!2sPoupatempo+Itaquera!5e0!3m2!1spt-BR!2sbr!4v1496762693277\"><img decoding=\"async\" src=\"http:\/\/www.encontraitaquera.com.br\/imgs\/maps-post.png\"><\/a>\n\n<div style=\"font-size: 0px; height: 0px; line-height: 0px; margin: 0; padding: 0; clear: both;\"><\/div>","protected":false},"excerpt":{"rendered":"<p>O PAT Poupatempo Itaquera, oferece cerca de 10 tipos de servi\u00e7os, entre eles a emiss\u00e3o de Carteira de Trabalho, de Motorista, RG, homologa\u00e7\u00e3o de contratos, entrada em seguro-desemprego, al\u00e9m de cadastro de curr\u00edculos e encaminhamento para vagas e diversos projetos todos voltados em auxiliar a m\u00e3o-de-obra profissional dispon\u00edvel no mercado. Os PATs foram implantados em 1994, sendo que no PAT Itaquera funciona um dos 21 Centros Regionais que \u00e9 composta a rede estadual. PAT Itaquera SP: Servi\u00e7os e Vagas Considerados um dos servi\u00e7os p\u00fablicos mais bem avaliados, o Poupatempo agiliza solicita\u00e7\u00f5es burocr\u00e1ticas do cidad\u00e3o, como emiss\u00e3o de Carteira de Identidade, <\/p>\n","protected":false},"author":1,"featured_media":0,"parent":0,"menu_order":0,"comment_status":"closed","ping_status":"closed","template":"","meta":{"footnotes":""},"class_list":["post-9088","page","type-page","status-publish","hentry"],"_links":{"self":[{"href":"https:\/\/www.encontraitaquera.com.br\/sobre\/wp-json\/wp\/v2\/pages\/9088"}],"collection":[{"href":"https:\/\/www.encontraitaquera.com.br\/sobre\/wp-json\/wp\/v2\/pages"}],"about":[{"href":"https:\/\/www.encontraitaquera.com.br\/sobre\/wp-json\/wp\/v2\/types\/page"}],"author":[{"embeddable":true,"href":"https:\/\/www.encontraitaquera.com.br\/sobre\/wp-json\/wp\/v2\/users\/1"}],"replies":[{"embeddable":true,"href":"https:\/\/www.encontraitaquera.com.br\/sobre\/wp-json\/wp\/v2\/comments?post=9088"}],"version-history":[{"count":9,"href":"https:\/\/www.encontraitaquera.com.br\/sobre\/wp-json\/wp\/v2\/pages\/9088\/revisions"}],"predecessor-version":[{"id":9461,"href":"https:\/\/www.encontraitaquera.com.br\/sobre\/wp-json\/wp\/v2\/pages\/9088\/revisions\/9461"}],"wp:attachment":[{"href":"https:\/\/www.encontraitaquera.com.br\/sobre\/wp-json\/wp\/v2\/media?parent=9088"}],"curies":[{"name":"wp","href":"https:\/\/api.w.org\/{rel}","templated":true}]}}