{"id":9104,"date":"2017-05-31T15:01:14","date_gmt":"2017-05-31T17:01:14","guid":{"rendered":"http:\/\/www.encontraitaquera.com.br\/sobre\/?page_id=9104"},"modified":"2017-06-08T13:11:46","modified_gmt":"2017-06-08T15:11:46","slug":"estacao-dom-bosco-da-cptm-linha-11-coral","status":"publish","type":"page","link":"https:\/\/www.encontraitaquera.com.br\/sobre\/estacao-dom-bosco-da-cptm-linha-11-coral\/","title":{"rendered":"Esta\u00e7\u00e3o Dom Bosco da CPTM &#8211; Linha 11 Coral"},"content":{"rendered":"<div class=\"f6a401da1b960306e8d5ff784b0b5528\" data-index=\"1\" style=\"float: none; margin:0px;\">\n<!-- Anuncio display - global -->\r\n<ins class=\"adsbygoogle\"\r\n     style=\"display:block\"\r\n     data-ad-client=\"ca-pub-8585364105181520\"\r\n     data-ad-slot=\"8789329856\"\r\n     data-ad-format=\"auto\"\r\n     data-full-width-responsive=\"true\"><\/ins>\r\n<script>\r\n     (adsbygoogle = window.adsbygoogle || []).push({});\r\n<\/script>\n<\/div>\n<p>A <strong>Esta\u00e7\u00e3o Dom Bosco<\/strong> \u00e9 uma esta\u00e7\u00e3o ferrovi\u00e1ria , pertencente \u00e0 linha 11 Coral da CPTM, localizada no munic\u00edpio de S\u00e3o Paulo.<\/p>\n<p>A <em>Esta\u00e7\u00e3o<\/em> foi constru\u00edda pelo <em>Metr\u00f4 de S\u00e3o Paulo<\/em> para ser operada pela <em>CPTM,<\/em> no chamado <em>Expresso Leste,<\/em> inaugurada em 27 de maio de 2000.<\/p>\n<p><img loading=\"lazy\" decoding=\"async\" class=\"alignnone wp-image-9255 \" title=\"Esta\u00e7\u00e3o Dom Bosco da CPTM - Linha 11 Coral\" src=\"http:\/\/www.encontraitaquera.com.br\/sobre\/wp-content\/uploads\/2017\/05\/estacao-dom-bosco-itaquera.jpg\" alt=\"Esta\u00e7\u00e3o Dom Bosco da CPTM - Linha 11 Coral\" width=\"641\" height=\"264\" srcset=\"https:\/\/www.encontraitaquera.com.br\/sobre\/wp-content\/uploads\/2017\/05\/estacao-dom-bosco-itaquera.jpg 459w, https:\/\/www.encontraitaquera.com.br\/sobre\/wp-content\/uploads\/2017\/05\/estacao-dom-bosco-itaquera-300x124.jpg 300w\" sizes=\"(max-width: 641px) 100vw, 641px\" \/><\/p>\n<h3>Hor\u00e1rio de Funcionamento Esta\u00e7\u00e3o Dom Bosco\u00a0da CPTM<\/h3>\n<ul>\n<li>Domingo a sexta das 4h \u00e0 0h e s\u00e1bado das 4h \u00e0 1h<\/li>\n<\/ul>\n<h3>Endere\u00e7o e Telefone Esta\u00e7\u00e3o Dom Bosco\u00a0em\u00a0Itaquera<\/h3>\n<ul>\n<li>Rua Sabbado D&#8217;Angelo, 1024, Itaquera &#8211; S\u00e3o Paulo &#8211; SP<\/li>\n<li>Telefone: 0800 055 0121<\/li>\n<\/ul>\n<h3>Mapa da Esta\u00e7\u00e3o Dom Bosco da CPTM<\/h3>\n<p><img loading=\"lazy\" decoding=\"async\" class=\"alignnone wp-image-9256 \" title=\"Esta\u00e7\u00e3o Dom Bosco da CPTM - Linha 11 Coral Mapa\" src=\"http:\/\/www.encontraitaquera.com.br\/sobre\/wp-content\/uploads\/2017\/05\/estacao-dom-bosco-mapa.jpg\" alt=\"Esta\u00e7\u00e3o Dom Bosco da CPTM - Linha 11 Coral Mapa\" width=\"648\" height=\"179\" srcset=\"https:\/\/www.encontraitaquera.com.br\/sobre\/wp-content\/uploads\/2017\/05\/estacao-dom-bosco-mapa.jpg 2699w, https:\/\/www.encontraitaquera.com.br\/sobre\/wp-content\/uploads\/2017\/05\/estacao-dom-bosco-mapa-300x83.jpg 300w, https:\/\/www.encontraitaquera.com.br\/sobre\/wp-content\/uploads\/2017\/05\/estacao-dom-bosco-mapa-768x212.jpg 768w, https:\/\/www.encontraitaquera.com.br\/sobre\/wp-content\/uploads\/2017\/05\/estacao-dom-bosco-mapa-1024x283.jpg 1024w\" sizes=\"(max-width: 648px) 100vw, 648px\" \/><\/p>\n<h3>Street View Esta\u00e7\u00e3o Dom Bosco<\/h3>\n<p><iframe loading=\"lazy\" style=\"border: 0;\" src=\"https:\/\/www.google.com\/maps\/embed?pb=!1m0!4v1496429382887!6m8!1m7!1sm8YdJ4skiUenwh2kU8Nc0g!2m2!1d-23.5420335483485!2d-46.4466763439786!3f287.4163178177137!4f-5.616436558110905!5f0.40112477981378153\" width=\"100%\" height=\"450\" frameborder=\"0\" allowfullscreen=\"allowfullscreen\"><\/iframe><\/p>\n<h3>Mapa de localiza\u00e7\u00e3o:<\/h3>\n<a class=\"wp-colorbox-iframe\" href=\"https:\/\/www.google.com\/maps\/embed?pb=!1m14!1m8!1m3!1d14630.963767968165!2d-46.4481043!3d-23.5418182!3m2!1i1024!2i768!4f13.1!3m3!1m2!1s0x00x26d3b7abbcf95cb1!2sDom+Bosco!5e0!3m2!1spt-BR!2sbr!4v1496429153560\"><img decoding=\"async\" src=\"http:\/\/www.encontraitaquera.com.br\/imgs\/maps-post.png\"><\/a>\n\n<div style=\"font-size: 0px; height: 0px; line-height: 0px; margin: 0; padding: 0; clear: both;\"><\/div>","protected":false},"excerpt":{"rendered":"<p>A Esta\u00e7\u00e3o Dom Bosco \u00e9 uma esta\u00e7\u00e3o ferrovi\u00e1ria , pertencente \u00e0 linha 11 Coral da CPTM, localizada no munic\u00edpio de S\u00e3o Paulo. A Esta\u00e7\u00e3o foi constru\u00edda pelo Metr\u00f4 de S\u00e3o Paulo para ser operada pela CPTM, no chamado Expresso Leste, inaugurada em 27 de maio de 2000. Hor\u00e1rio de Funcionamento Esta\u00e7\u00e3o Dom Bosco\u00a0da CPTM Domingo a sexta das 4h \u00e0 0h e s\u00e1bado das 4h \u00e0 1h Endere\u00e7o e Telefone Esta\u00e7\u00e3o Dom Bosco\u00a0em\u00a0Itaquera Rua Sabbado D&#8217;Angelo, 1024, Itaquera &#8211; S\u00e3o Paulo &#8211; SP Telefone: 0800 055 0121 Mapa da Esta\u00e7\u00e3o Dom Bosco da CPTM Street View Esta\u00e7\u00e3o Dom Bosco Mapa <\/p>\n","protected":false},"author":1,"featured_media":0,"parent":0,"menu_order":0,"comment_status":"closed","ping_status":"closed","template":"","meta":{"footnotes":""},"class_list":["post-9104","page","type-page","status-publish","hentry"],"_links":{"self":[{"href":"https:\/\/www.encontraitaquera.com.br\/sobre\/wp-json\/wp\/v2\/pages\/9104"}],"collection":[{"href":"https:\/\/www.encontraitaquera.com.br\/sobre\/wp-json\/wp\/v2\/pages"}],"about":[{"href":"https:\/\/www.encontraitaquera.com.br\/sobre\/wp-json\/wp\/v2\/types\/page"}],"author":[{"embeddable":true,"href":"https:\/\/www.encontraitaquera.com.br\/sobre\/wp-json\/wp\/v2\/users\/1"}],"replies":[{"embeddable":true,"href":"https:\/\/www.encontraitaquera.com.br\/sobre\/wp-json\/wp\/v2\/comments?post=9104"}],"version-history":[{"count":6,"href":"https:\/\/www.encontraitaquera.com.br\/sobre\/wp-json\/wp\/v2\/pages\/9104\/revisions"}],"predecessor-version":[{"id":9474,"href":"https:\/\/www.encontraitaquera.com.br\/sobre\/wp-json\/wp\/v2\/pages\/9104\/revisions\/9474"}],"wp:attachment":[{"href":"https:\/\/www.encontraitaquera.com.br\/sobre\/wp-json\/wp\/v2\/media?parent=9104"}],"curies":[{"name":"wp","href":"https:\/\/api.w.org\/{rel}","templated":true}]}}