{"id":9120,"date":"2017-05-31T15:03:13","date_gmt":"2017-05-31T17:03:13","guid":{"rendered":"http:\/\/www.encontraitaquera.com.br\/sobre\/?page_id=9120"},"modified":"2017-06-08T14:47:29","modified_gmt":"2017-06-08T16:47:29","slug":"terminal-a-e-carvalho","status":"publish","type":"page","link":"https:\/\/www.encontraitaquera.com.br\/sobre\/terminal-a-e-carvalho\/","title":{"rendered":"Terminal A.E. Carvalho"},"content":{"rendered":"<div class=\"f6a401da1b960306e8d5ff784b0b5528\" data-index=\"1\" style=\"float: none; margin:0px;\">\n<!-- Anuncio display - global -->\r\n<ins class=\"adsbygoogle\"\r\n     style=\"display:block\"\r\n     data-ad-client=\"ca-pub-8585364105181520\"\r\n     data-ad-slot=\"8789329856\"\r\n     data-ad-format=\"auto\"\r\n     data-full-width-responsive=\"true\"><\/ins>\r\n<script>\r\n     (adsbygoogle = window.adsbygoogle || []).push({});\r\n<\/script>\n<\/div>\n<p>O <strong>Terminal Ant\u00f4nio Est\u00eav\u00e3o de Carvalho ( Terminal A. E. Carvalho )\u00a0<\/strong>\u00e9 um terminal de \u00f4nibus urbano situado na <em>Zona Leste<\/em> de <em>S\u00e3o Paulo\u00a0<\/em>que juntamente com a <em>Garagem da Via\u00e7\u00e3o Cons\u00f3rcio VIP<\/em> (ao lado) forma uma importante estrutura de transporte p\u00fablico dentro da cidade de <em>S\u00e3o Paulo. <\/em><\/p>\n<p>De acordo com os mapas oficiais da <em>Prefeitura de S\u00e3o Paulo<\/em> a constru\u00e7\u00e3o fica em \u00e1rea pertencente ao distrito de Itaquera, mas a proximidade com a Ponte Rasa \u00e9 muito maior.<\/p>\n<p><img loading=\"lazy\" decoding=\"async\" class=\"alignnone wp-image-9356 \" title=\"Terminal A.E. Carvalho\" src=\"http:\/\/www.encontraitaquera.com.br\/sobre\/wp-content\/uploads\/2017\/05\/terminal-a-e-carvalho.jpg\" alt=\"Terminal A.E. Carvalho\" width=\"671\" height=\"242\" srcset=\"https:\/\/www.encontraitaquera.com.br\/sobre\/wp-content\/uploads\/2017\/05\/terminal-a-e-carvalho.jpg 524w, https:\/\/www.encontraitaquera.com.br\/sobre\/wp-content\/uploads\/2017\/05\/terminal-a-e-carvalho-300x108.jpg 300w\" sizes=\"(max-width: 671px) 100vw, 671px\" \/><\/p>\n<p>Terminais s\u00e3o \u00e1reas onde as linhas t\u00eam seu ponto de chegada ou de partida. Em S\u00e3o Paulo s\u00e3o, ao todo, 28 terminais municipais e um intermunicipal. Todos t\u00eam estrutura para atender aos passageiros e recarga ou aquisi\u00e7\u00e3o do cart\u00e3o Bilhete \u00danico An\u00f4nimo (sem cadastro).<\/p>\n<h2>Terminal Urbano &#8211; SPTrans &#8211; Linhas de \u00d4nibus<\/h2>\n<p>O <em>Terminal A.E Carvalho <\/em>atende 22 linhas de \u00f4nibus sendo algumas delas linhas de passagem (circular) e sua grande maioria de ponto de partida.<\/p>\n<h3>Hor\u00e1rio de Funcionamento Terminal A.E. Carvalho Itaquera<\/h3>\n<ul>\n<li>24 horas<\/li>\n<\/ul>\n<h3>Endere\u00e7o Terminal A.E. Carvalho<\/h3>\n<ul>\n<li>Avenida Imperador, 1.401 &#8211; Cidade A. E. Carvalho &#8211; S\u00e3o Paulo &#8211; SP<\/li>\n<\/ul>\n<h3>Telefone Terminal A.E. Carvalho<\/h3>\n<ul>\n<li>(11) 2280-4251 \/ (11) 2026-6262<\/li>\n<\/ul>\n<h4>Outras informa\u00e7\u00f5es e site:<\/h4>\n<ul>\n<li>Mais informa\u00e7\u00f5es:\u00a0<a href=\"http:\/\/www.sptrans.com.br\/\" target=\"_blank\" rel=\"noopener noreferrer\">www.sptrans.com.br<\/a><\/li>\n<\/ul>\n<h4>Mapa de localiza\u00e7\u00e3o:<\/h4>\n<a class=\"wp-colorbox-iframe\" href=\"https:\/\/www.google.com\/maps\/embed?pb=!1m14!1m8!1m3!1d7316.70629943793!2d-46.47859338188235!3d-23.519797456586307!3m2!1i1024!2i768!4f13.1!3m3!1m2!1s0x00x5145dfcf04e41ec3!2sTerminal+A.+E.+Carvalho!5e0!3m2!1spt-BR!2sbr!4v1496779028677\"><img decoding=\"async\" src=\"http:\/\/www.encontraitaquera.com.br\/imgs\/maps-post.png\"><\/a>\n\n<div style=\"font-size: 0px; height: 0px; line-height: 0px; margin: 0; padding: 0; clear: both;\"><\/div>","protected":false},"excerpt":{"rendered":"<p>O Terminal Ant\u00f4nio Est\u00eav\u00e3o de Carvalho ( Terminal A. E. Carvalho )\u00a0\u00e9 um terminal de \u00f4nibus urbano situado na Zona Leste de S\u00e3o Paulo\u00a0que juntamente com a Garagem da Via\u00e7\u00e3o Cons\u00f3rcio VIP (ao lado) forma uma importante estrutura de transporte p\u00fablico dentro da cidade de S\u00e3o Paulo. De acordo com os mapas oficiais da Prefeitura de S\u00e3o Paulo a constru\u00e7\u00e3o fica em \u00e1rea pertencente ao distrito de Itaquera, mas a proximidade com a Ponte Rasa \u00e9 muito maior. Terminais s\u00e3o \u00e1reas onde as linhas t\u00eam seu ponto de chegada ou de partida. Em S\u00e3o Paulo s\u00e3o, ao todo, 28 terminais <\/p>\n","protected":false},"author":1,"featured_media":0,"parent":0,"menu_order":0,"comment_status":"closed","ping_status":"closed","template":"","meta":{"footnotes":""},"class_list":["post-9120","page","type-page","status-publish","hentry"],"_links":{"self":[{"href":"https:\/\/www.encontraitaquera.com.br\/sobre\/wp-json\/wp\/v2\/pages\/9120"}],"collection":[{"href":"https:\/\/www.encontraitaquera.com.br\/sobre\/wp-json\/wp\/v2\/pages"}],"about":[{"href":"https:\/\/www.encontraitaquera.com.br\/sobre\/wp-json\/wp\/v2\/types\/page"}],"author":[{"embeddable":true,"href":"https:\/\/www.encontraitaquera.com.br\/sobre\/wp-json\/wp\/v2\/users\/1"}],"replies":[{"embeddable":true,"href":"https:\/\/www.encontraitaquera.com.br\/sobre\/wp-json\/wp\/v2\/comments?post=9120"}],"version-history":[{"count":7,"href":"https:\/\/www.encontraitaquera.com.br\/sobre\/wp-json\/wp\/v2\/pages\/9120\/revisions"}],"predecessor-version":[{"id":9483,"href":"https:\/\/www.encontraitaquera.com.br\/sobre\/wp-json\/wp\/v2\/pages\/9120\/revisions\/9483"}],"wp:attachment":[{"href":"https:\/\/www.encontraitaquera.com.br\/sobre\/wp-json\/wp\/v2\/media?parent=9120"}],"curies":[{"name":"wp","href":"https:\/\/api.w.org\/{rel}","templated":true}]}}