{"id":9278,"date":"2017-06-05T16:31:13","date_gmt":"2017-06-05T18:31:13","guid":{"rendered":"http:\/\/www.encontraitaquera.com.br\/sobre\/?page_id=9278"},"modified":"2017-06-23T16:57:13","modified_gmt":"2017-06-23T18:57:13","slug":"historia-de-itaquera","status":"publish","type":"page","link":"https:\/\/www.encontraitaquera.com.br\/sobre\/historia-de-itaquera\/","title":{"rendered":"Hist\u00f3ria de Itaquera"},"content":{"rendered":"<div class=\"f6a401da1b960306e8d5ff784b0b5528\" data-index=\"1\" style=\"float: none; margin:0px;\">\n<!-- Anuncio display - global -->\r\n<ins class=\"adsbygoogle\"\r\n     style=\"display:block\"\r\n     data-ad-client=\"ca-pub-8585364105181520\"\r\n     data-ad-slot=\"8789329856\"\r\n     data-ad-format=\"auto\"\r\n     data-full-width-responsive=\"true\"><\/ins>\r\n<script>\r\n     (adsbygoogle = window.adsbygoogle || []).push({});\r\n<\/script>\n<\/div>\n<p><strong>Itaquera<\/strong> \u00e9 um distrito localizado na zona leste da cidade de <em>S\u00e3o Paulo<\/em>.<\/p>\n<p>Vem sendo beneficiada assim como <em>Guaianazes<\/em>, de v\u00e1rios investimentos sociais do governo estadual e municipal, de modo que obteve significativa melhora em sua infraestrutura.<\/p>\n<p>Dentro de seus limites passa a Avenida Jacu P\u00eassego, obra com projetos de extens\u00e3o at\u00e9 o <em>porto de Santos<\/em> e o <em>Grande ABC<\/em>, na por\u00e7\u00e3o meridional, e at\u00e9 o munic\u00edpio de <em>Guarulhos<\/em>, na por\u00e7\u00e3o setentrional.<\/p>\n<h2>Como surgiu<\/h2>\n<p><strong>Coloniza\u00e7\u00e3o<\/strong><\/p>\n<p>Em <em>Itaquera<\/em> por volta de 1620, apareceram as primeiras refer\u00eancias a &#8220;Ro\u00e7a Itaquera&#8221;, localizada nas proximidades da <em>Aldeia de S\u00e3o Miguel<\/em>. No final do s\u00e9culo 17 a regi\u00e3o passou a ser citada como povoamento de <em>S\u00e3o Miguel,<\/em> no fim do s\u00e9culo 18, como territ\u00f3rio da freguesia da <em>Penha<\/em> e por \u00faltimo como bairro do distrito de <em>S\u00e3o Miguel Paulista<\/em>. Em 1920 passou a ser um &#8220;Distrito Aut\u00f4nomo&#8221;.<\/p>\n<p><strong>Desenvolvimento<\/strong><\/p>\n<p>O desenvolvimento do distrito foi em grande parte sob a forma cl\u00e1ssica de loteamentos e vilas. Em 1837 somente existiam duas fazendas: <em>Fazenda Cagua\u00e7\u00fa<\/em> e a fazenda do <em>Dr. Rodrigo Pereira Barreto,<\/em> tamb\u00e9m conhecida como <em>S\u00edtio Cagua\u00e7u<\/em>.<\/p>\n<p>Ap\u00f3s 14 anos as fazendas foram divididas em lotes e foram vendidas, os compradores fizeram casas no local e ergueram uma capela em louvor a <em>Santa Ana<\/em>, surgindo assim a <em>Vila Santana.<\/em> A <em>Fazenda Cagua\u00e7\u00fa<\/em> foi vendida a <em>Companhia Pastoril e Agricola,<\/em> esta fazenda era delimitada aproximadamente pelo <em>Rio Jacu<\/em> de um lado, pela linha do trem de outro, pelo <em>Rio Aricanduva<\/em> de outro, abarcava as \u00e1reas que hoje s\u00e3o conhecidas como <em>Vila Carmosina,<\/em> <em>Colonia Japonesa,<\/em> <em>Jardim do Carmo e Parque do Carmo.<\/em><\/p>\n<p>O primeiro &#8220;loteamento&#8221; ocorrido na regi\u00e3o foi no <em>Sitio Cagua\u00e7\u00fa,<\/em> que foi dividido em lotes de 10 mil metros cada um, sendo vendido para \u00e1rea de veraneio e ch\u00e1caras para pessoas como <em>S\u00e1bbado D&#8217;Angelo<\/em> (empres\u00e1rio conhecido na regi\u00e3o) <em>Fam\u00edlia Baumann<\/em>, e pol\u00edticos como <em>David Domingos Ferreira e Dr. Alvaro de Mendon\u00e7a.<\/em> Posteriormente a <em>Companhia Pastoril e Agr\u00edcola<\/em> vendeu parte da <em>Fazenda Cagua\u00e7\u00fa<\/em>\u00a0para o <em>Sr. Oscar Americano<\/em> (\u00e1rea do Jardim e do Parque do Carmo) Fez um loteamento de cunho popular e urbano plenamente planejado (um dos primeiros da Zona Leste de S\u00e3o Paulo) no que hoje conhecemos como <em>Vila Carmosina<\/em>, e fez loteamentos de cunho rural, na \u00e1rea hoje conhecida como <em>Colonia Japonesa<\/em>. Assim Itaquera passou a ser povoada, em ritmo acelerado.<\/p>\n<p><strong>Atualmente<\/strong><\/p>\n<p>H\u00e1 um progresso acentuado no setor industrial, o distrito tem muito a crescer possuindo apenas algumas ind\u00fastrias em expans\u00e3o. O com\u00e9rcio tem se desenvolvido, e cresce constantemente. A rede banc\u00e1ria se desenvolveu bem e hoje existem v\u00e1rios bancos no local. Al\u00e9m disso, possui uma unidade do Poupatempo e o <span style=\"text-decoration: underline;\"><a href=\"http:\/\/www.encontraitaquera.com.br\/sobre\/shopping-metro-itaquera\/\">Shopping Metr\u00f4 Itaquera<\/a><\/span> ao lado da esta\u00e7\u00e3o de <em>metr\u00f4 Corinthians-Itaquera<\/em>.<\/p>\n<h3>Grafia do nome<\/h3>\n<p>Itaquera em tupi-guarani significa Pedra Dormente.<\/p>\n<h3>Distritos Lim\u00edtrofes<\/h3>\n<p>* S\u00e3o Miguel Paulista e Vila Jacu\u00ed (Norte).<br \/>\n* Lajeado (Leste).<br \/>\n* Jos\u00e9 Bonif\u00e1cio (Sudeste).<br \/>\n* Cidade L\u00edder e Parque do Carmo (Sul).<br \/>\n* Artur Alvim e Ponte Rasa (Oeste).<\/p>\n<h3>Bairros<\/h3>\n<p>O bairro <em>Itaquera<\/em> est\u00e1 situado na<em> zona leste<\/em> e abrange os bairros de:<\/p>\n<p>\u2022 Conjunto Esmeralda<br \/>\n\u2022 Cidade Ant\u00f4nio Est\u00eav\u00e3o de Carvalho<br \/>\n\u2022 Itaquera<br \/>\n\u2022 Jardim Adelaide<br \/>\n\u2022 Jardim Aurora<br \/>\n\u2022 Jardim Cleide<br \/>\n\u2022 Jardim Itapemirim<br \/>\n\u2022 Jardim Lideran\u00e7a<br \/>\n\u2022 Jardim Naufal<br \/>\n\u2022 Jardim Norma<br \/>\n\u2022 Jardim Progresso<br \/>\n\u2022 Jardim Redil<br \/>\n\u2022 Vila Bozzini<br \/>\n\u2022 Vila Brasil<br \/>\n\u2022 Vila Campanela<br \/>\n\u2022 Vila Carmosina<br \/>\n\u2022 Vila Corberi<br \/>\n\u2022 Vila Regina<br \/>\n\u2022 Vila Santana<br \/>\n\u2022 Vila Su\u00ed\u00e7a<br \/>\n\u2022 Vila Taquari<br \/>\n\u2022 Vila Ursulina e Mastrocola<br \/>\n\u2022 Vila Verde<\/p>\n\n<div style=\"font-size: 0px; height: 0px; line-height: 0px; margin: 0; padding: 0; clear: both;\"><\/div>","protected":false},"excerpt":{"rendered":"<p>Itaquera \u00e9 um distrito localizado na zona leste da cidade de S\u00e3o Paulo. Vem sendo beneficiada assim como Guaianazes, de v\u00e1rios investimentos sociais do governo estadual e municipal, de modo que obteve significativa melhora em sua infraestrutura. Dentro de seus limites passa a Avenida Jacu P\u00eassego, obra com projetos de extens\u00e3o at\u00e9 o porto de Santos e o Grande ABC, na por\u00e7\u00e3o meridional, e at\u00e9 o munic\u00edpio de Guarulhos, na por\u00e7\u00e3o setentrional. Como surgiu Coloniza\u00e7\u00e3o Em Itaquera por volta de 1620, apareceram as primeiras refer\u00eancias a &#8220;Ro\u00e7a Itaquera&#8221;, localizada nas proximidades da Aldeia de S\u00e3o Miguel. No final do s\u00e9culo <\/p>\n","protected":false},"author":1,"featured_media":0,"parent":0,"menu_order":0,"comment_status":"closed","ping_status":"closed","template":"","meta":{"footnotes":""},"class_list":["post-9278","page","type-page","status-publish","hentry"],"_links":{"self":[{"href":"https:\/\/www.encontraitaquera.com.br\/sobre\/wp-json\/wp\/v2\/pages\/9278"}],"collection":[{"href":"https:\/\/www.encontraitaquera.com.br\/sobre\/wp-json\/wp\/v2\/pages"}],"about":[{"href":"https:\/\/www.encontraitaquera.com.br\/sobre\/wp-json\/wp\/v2\/types\/page"}],"author":[{"embeddable":true,"href":"https:\/\/www.encontraitaquera.com.br\/sobre\/wp-json\/wp\/v2\/users\/1"}],"replies":[{"embeddable":true,"href":"https:\/\/www.encontraitaquera.com.br\/sobre\/wp-json\/wp\/v2\/comments?post=9278"}],"version-history":[{"count":4,"href":"https:\/\/www.encontraitaquera.com.br\/sobre\/wp-json\/wp\/v2\/pages\/9278\/revisions"}],"predecessor-version":[{"id":10001,"href":"https:\/\/www.encontraitaquera.com.br\/sobre\/wp-json\/wp\/v2\/pages\/9278\/revisions\/10001"}],"wp:attachment":[{"href":"https:\/\/www.encontraitaquera.com.br\/sobre\/wp-json\/wp\/v2\/media?parent=9278"}],"curies":[{"name":"wp","href":"https:\/\/api.w.org\/{rel}","templated":true}]}}