{"id":9414,"date":"2017-06-08T11:34:28","date_gmt":"2017-06-08T13:34:28","guid":{"rendered":"http:\/\/www.encontraitaquera.com.br\/sobre\/?page_id=9414"},"modified":"2017-06-23T17:03:27","modified_gmt":"2017-06-23T19:03:27","slug":"dre-itaquera","status":"publish","type":"page","link":"https:\/\/www.encontraitaquera.com.br\/sobre\/dre-itaquera\/","title":{"rendered":"DRE Itaquera"},"content":{"rendered":"<div class=\"f6a401da1b960306e8d5ff784b0b5528\" data-index=\"1\" style=\"float: none; margin:0px;\">\n<!-- Anuncio display - global -->\r\n<ins class=\"adsbygoogle\"\r\n     style=\"display:block\"\r\n     data-ad-client=\"ca-pub-8585364105181520\"\r\n     data-ad-slot=\"8789329856\"\r\n     data-ad-format=\"auto\"\r\n     data-full-width-responsive=\"true\"><\/ins>\r\n<script>\r\n     (adsbygoogle = window.adsbygoogle || []).push({});\r\n<\/script>\n<\/div>\n<p>Veja mais sobre a <em>Diretoria Regional de Educa\u00e7\u00e3o<\/em> ou apenas <strong>DRE Itaquera <\/strong>abaixo.<\/p>\n<p>\u00c9 o \u00f3rg\u00e3o que faz a ponte entre as escolas e as determina\u00e7\u00f5es da <em>Secretaria Estadual de Educa\u00e7\u00e3o.<br \/>\n<\/em><\/p>\n<p><img loading=\"lazy\" decoding=\"async\" class=\"alignnone wp-image-9416 \" title=\"DRE Itaquera \" src=\"http:\/\/www.encontraitaquera.com.br\/sobre\/wp-content\/uploads\/2017\/06\/dre-itaquera.jpg\" alt=\"DRE Itaquera \" width=\"707\" height=\"209\" srcset=\"https:\/\/www.encontraitaquera.com.br\/sobre\/wp-content\/uploads\/2017\/06\/dre-itaquera.jpg 639w, https:\/\/www.encontraitaquera.com.br\/sobre\/wp-content\/uploads\/2017\/06\/dre-itaquera-300x89.jpg 300w\" sizes=\"(max-width: 707px) 100vw, 707px\" \/><\/p>\n<h2>DRE Itaquera Escolas<\/h2>\n<p>S\u00e3o 102 escolas divididas em:<\/p>\n<ul>\n<li>CEI 21 unidades<\/li>\n<li>CEMEI 0 unidades<\/li>\n<li>CEU 3 unidades<\/li>\n<li>CEU CEI 3 unidades<\/li>\n<li>CEU EMEI 4 unidades<\/li>\n<li>CEU EMEF 3 unidades<\/li>\n<li>CIEJA 1 unidades<\/li>\n<li>EMEI 40 unidades<\/li>\n<li>EMEF 27 unidades<\/li>\n<\/ul>\n<h4>As Diretorias Regionais:<\/h4>\n<ul>\n<li>coordenam e supervisionam as atividades realizadas nas escolas estaduais<\/li>\n<li>supervisionam, prestam assist\u00eancia e fiscalizam as condi\u00e7\u00f5es de funcionamento das escolas municipais e particulares (de ensino infantil ao m\u00e9dio, inclusive ensino supletivo)<\/li>\n<li>asseguram que os servi\u00e7os de assist\u00eancia ao aluno est\u00e3o funcionando<\/li>\n<li>tratam de assuntos relacionados aos professores (habilita\u00e7\u00e3o, transfer\u00eancia, etc.)<\/li>\n<\/ul>\n<h3>DRE Itaquera Formul\u00e1rios e Documentos<\/h3>\n<p>Para acessar os documentos, formul\u00e1rios e guias de consultas de v\u00e1rios departamentos e setores da DRE Itaquera \u00bb\u00a0<span style=\"text-decoration: underline;\"><a href=\"https:\/\/drive.google.com\/drive\/folders\/0B1YO45Qhhd14VEgtSDJYd2NLR1k\" target=\"_blank\" rel=\"noopener noreferrer\">Clique Aqui<\/a><\/span><\/p>\n<h3>Hor\u00e1rio de Funcionamento DRE Itaquera<\/h3>\n<ul>\n<li>Segunda a sexta das 7h \u00e0s 19h<\/li>\n<\/ul>\n<h3>Endere\u00e7o e Telefone Diretoria Regional de Educa\u00e7\u00e3o Itaquera<\/h3>\n<ul>\n<li>Av. Itaquera, 241, Itaquera &#8211; S\u00e3o Paulo &#8211; SP<\/li>\n<li>Telefone: (11) 3397-9400<\/li>\n<\/ul>\n<h4>Outras informa\u00e7\u00f5es e site:<\/h4>\n<ul>\n<li>Mais informa\u00e7\u00f5es:\u00a0<a href=\"http:\/\/portalsme.prefeitura.sp.gov.br\" target=\"_blank\" rel=\"noopener noreferrer\">www.prefeitura.sp.gov.br<\/a><\/li>\n<\/ul>\n<h4>Mapa de localiza\u00e7\u00e3o:<\/h4>\n<a class=\"wp-colorbox-iframe\" href=\"https:\/\/www.google.com\/maps\/embed?pb=!1m14!1m8!1m3!1d14629.78403951407!2d-46.4793326!3d-23.5524198!3m2!1i1024!2i768!4f13.1!3m3!1m2!1s0x00x89ce20a1b2225373!2sDRE+Itaquera!5e0!3m2!1spt-BR!2sbr!4v1496927116223\"><img decoding=\"async\" src=\"http:\/\/www.encontraitaquera.com.br\/imgs\/maps-post.png\"><\/a>\n\n<div style=\"font-size: 0px; height: 0px; line-height: 0px; margin: 0; padding: 0; clear: both;\"><\/div>","protected":false},"excerpt":{"rendered":"<p>Veja mais sobre a Diretoria Regional de Educa\u00e7\u00e3o ou apenas DRE Itaquera abaixo. \u00c9 o \u00f3rg\u00e3o que faz a ponte entre as escolas e as determina\u00e7\u00f5es da Secretaria Estadual de Educa\u00e7\u00e3o. DRE Itaquera Escolas S\u00e3o 102 escolas divididas em: CEI 21 unidades CEMEI 0 unidades CEU 3 unidades CEU CEI 3 unidades CEU EMEI 4 unidades CEU EMEF 3 unidades CIEJA 1 unidades EMEI 40 unidades EMEF 27 unidades As Diretorias Regionais: coordenam e supervisionam as atividades realizadas nas escolas estaduais supervisionam, prestam assist\u00eancia e fiscalizam as condi\u00e7\u00f5es de funcionamento das escolas municipais e particulares (de ensino infantil ao m\u00e9dio, <\/p>\n","protected":false},"author":1,"featured_media":0,"parent":0,"menu_order":0,"comment_status":"closed","ping_status":"closed","template":"","meta":{"footnotes":""},"class_list":["post-9414","page","type-page","status-publish","hentry"],"_links":{"self":[{"href":"https:\/\/www.encontraitaquera.com.br\/sobre\/wp-json\/wp\/v2\/pages\/9414"}],"collection":[{"href":"https:\/\/www.encontraitaquera.com.br\/sobre\/wp-json\/wp\/v2\/pages"}],"about":[{"href":"https:\/\/www.encontraitaquera.com.br\/sobre\/wp-json\/wp\/v2\/types\/page"}],"author":[{"embeddable":true,"href":"https:\/\/www.encontraitaquera.com.br\/sobre\/wp-json\/wp\/v2\/users\/1"}],"replies":[{"embeddable":true,"href":"https:\/\/www.encontraitaquera.com.br\/sobre\/wp-json\/wp\/v2\/comments?post=9414"}],"version-history":[{"count":8,"href":"https:\/\/www.encontraitaquera.com.br\/sobre\/wp-json\/wp\/v2\/pages\/9414\/revisions"}],"predecessor-version":[{"id":9999,"href":"https:\/\/www.encontraitaquera.com.br\/sobre\/wp-json\/wp\/v2\/pages\/9414\/revisions\/9999"}],"wp:attachment":[{"href":"https:\/\/www.encontraitaquera.com.br\/sobre\/wp-json\/wp\/v2\/media?parent=9414"}],"curies":[{"name":"wp","href":"https:\/\/api.w.org\/{rel}","templated":true}]}}