{"id":9582,"date":"2017-06-09T18:43:03","date_gmt":"2017-06-09T20:43:03","guid":{"rendered":"http:\/\/www.encontraitaquera.com.br\/sobre\/?page_id=9582"},"modified":"2017-06-23T12:18:59","modified_gmt":"2017-06-23T14:18:59","slug":"receita-federal-itaquera","status":"publish","type":"page","link":"https:\/\/www.encontraitaquera.com.br\/sobre\/receita-federal-itaquera\/","title":{"rendered":"Receita Federal Itaquera"},"content":{"rendered":"<div class=\"f6a401da1b960306e8d5ff784b0b5528\" data-index=\"1\" style=\"float: none; margin:0px;\">\n<!-- Anuncio display - global -->\r\n<ins class=\"adsbygoogle\"\r\n     style=\"display:block\"\r\n     data-ad-client=\"ca-pub-8585364105181520\"\r\n     data-ad-slot=\"8789329856\"\r\n     data-ad-format=\"auto\"\r\n     data-full-width-responsive=\"true\"><\/ins>\r\n<script>\r\n     (adsbygoogle = window.adsbygoogle || []).push({});\r\n<\/script>\n<\/div>\n<p>Para atender \u00e0 sua maior demanda de clientes, os contribuintes, a <em>Receita Federal<\/em> decidiu iniciar uma nova forma de atendimento, mais organizada e planejada.<\/p>\n<p>A partir disso, eles criaram as <em>CACs (Centrais de Atendimento ao Contribuinte)<\/em>, veja aqui um pouco mais sobre o <strong>CAC Itaquera &#8211; Receita Federal<\/strong>.<\/p>\n<p>&nbsp;<\/p>\n<p><img loading=\"lazy\" decoding=\"async\" class=\"alignnone wp-image-9958 size-full\" title=\"Receita Federal Itaquera\" src=\"http:\/\/www.encontraitaquera.com.br\/sobre\/wp-content\/uploads\/2017\/06\/receita-federal-itaquera-1.jpg\" alt=\"Receita Federal Itaquera\" width=\"680\" height=\"189\" srcset=\"https:\/\/www.encontraitaquera.com.br\/sobre\/wp-content\/uploads\/2017\/06\/receita-federal-itaquera-1.jpg 680w, https:\/\/www.encontraitaquera.com.br\/sobre\/wp-content\/uploads\/2017\/06\/receita-federal-itaquera-1-300x83.jpg 300w\" sizes=\"(max-width: 680px) 100vw, 680px\" \/><\/p>\n<h2>Receita Federal Poupatempo Itaquera<\/h2>\n<p><em>A CAC &#8211; Receita Federal Itaquera<\/em> est\u00e1 localizada dentro do <a href=\"http:\/\/www.encontraitaquera.com.br\/sobre\/poupatempo-itaquera\/\"><span style=\"text-decoration: underline;\">Poupatempo Itaquera<\/span><\/a>, na <span style=\"text-decoration: underline;\">Ala Azul B.<\/span><\/p>\n<p>Se o atendimento for destinado \u00e0 pessoa jur\u00eddica, \u00e9 necess\u00e1rio que o contribuinte realize um agendamento no site da <em>Receita Federal<\/em>. No caso de pessoas f\u00edsicas, \u00e9 feita uma distribui\u00e7\u00e3o de senhas na pr\u00f3pria unidade, sendo que a triagem \u00e9 realizada at\u00e9 as 18h30, respeitando o limite de atendimento.<\/p>\n<p><em>Alguns dos servi\u00e7os prestados pelas CACs<\/em>:<\/p>\n<ul>\n<li>Certid\u00e3o Negativa, relativa a tributos e contribui\u00e7\u00f5es federais;<\/li>\n<li>Parcelamento de d\u00e9bitos de natureza tribut\u00e1ria;<\/li>\n<li>Inscri\u00e7\u00e3o no CPF \u2013 Cadastro de Pessoas F\u00edsicas;<\/li>\n<li>Inscri\u00e7\u00e3o no CGC \u2013 Cadastro Geral de Contribuintes;<\/li>\n<li>Preenchimento de guias para recolhimento de tributos e contribui\u00e7\u00f5es federais;<\/li>\n<li>C\u00e1lculo de multas e acr\u00e9scimos legais;<\/li>\n<li>Entrega de declara\u00e7\u00f5es e de outras obriga\u00e7\u00f5es acess\u00f3rias;<\/li>\n<li>C\u00f3pias e segundas vias de documentos diversos;<\/li>\n<li>Isen\u00e7\u00e3o de IPI na aquisi\u00e7\u00e3o de ve\u00edculos para t\u00e1xi ou para uso de deficientes f\u00edsicos;<\/li>\n<li>Regulariza\u00e7\u00e3o de situa\u00e7\u00e3o fiscal;<\/li>\n<li>Orienta\u00e7\u00e3o sobre a aplica\u00e7\u00e3o da legisla\u00e7\u00e3o tribut\u00e1ria, pessoalmente ou por telefone;<\/li>\n<li>Informa\u00e7\u00f5es gerais.<\/li>\n<\/ul>\n<h3>Hor\u00e1rio de Funcionamento Receita Federal Itaquera<\/h3>\n<ul>\n<li>Segunda a Sexta das 7h \u00e0s 19h<\/li>\n<li>S\u00e1bado das 7h \u00e0s 13h (somente informa\u00e7\u00f5es)<\/li>\n<\/ul>\n<h3>Endere\u00e7o e Telefone Receita Federal Itaquera<\/h3>\n<ul>\n<li>Av. do Contorno, 60, Itaquera &#8211; S\u00e3o Paulo &#8211; SP<\/li>\n<li>Telefone: N\u00e3o dispon\u00edvel<\/li>\n<\/ul>\n<h4>Outras informa\u00e7\u00f5es e site:<\/h4>\n<ul>\n<li>Mais informa\u00e7\u00f5es:\u00a0<a href=\"http:\/\/www.receita.fazenda.gov.br\/\" target=\"_blank\" rel=\"noopener noreferrer\">www.receita.fazenda.gov.br<\/a><\/li>\n<\/ul>\n<h4>Mapa de localiza\u00e7\u00e3o:<\/h4>\n<a class=\"wp-colorbox-iframe\" href=\"https:\/\/www.google.com\/maps\/embed?pb=!1m14!1m8!1m3!1d14630.984439017511!2d-46.4712308!3d-23.5416324!3m2!1i1024!2i768!4f13.1!3m3!1m2!1s0x00x65f418695d2db346!2sPoupatempo+Itaquera!5e0!3m2!1spt-BR!2sbr!4v1497040942504\"><img decoding=\"async\" src=\"http:\/\/www.encontraitaquera.com.br\/imgs\/maps-post.png\"><\/a>\n\n<div style=\"font-size: 0px; height: 0px; line-height: 0px; margin: 0; padding: 0; clear: both;\"><\/div>","protected":false},"excerpt":{"rendered":"<p>Para atender \u00e0 sua maior demanda de clientes, os contribuintes, a Receita Federal decidiu iniciar uma nova forma de atendimento, mais organizada e planejada. A partir disso, eles criaram as CACs (Centrais de Atendimento ao Contribuinte), veja aqui um pouco mais sobre o CAC Itaquera &#8211; Receita Federal. &nbsp; Receita Federal Poupatempo Itaquera A CAC &#8211; Receita Federal Itaquera est\u00e1 localizada dentro do Poupatempo Itaquera, na Ala Azul B. Se o atendimento for destinado \u00e0 pessoa jur\u00eddica, \u00e9 necess\u00e1rio que o contribuinte realize um agendamento no site da Receita Federal. No caso de pessoas f\u00edsicas, \u00e9 feita uma distribui\u00e7\u00e3o de <\/p>\n","protected":false},"author":1,"featured_media":0,"parent":0,"menu_order":0,"comment_status":"closed","ping_status":"closed","template":"","meta":{"footnotes":""},"class_list":["post-9582","page","type-page","status-publish","hentry"],"_links":{"self":[{"href":"https:\/\/www.encontraitaquera.com.br\/sobre\/wp-json\/wp\/v2\/pages\/9582"}],"collection":[{"href":"https:\/\/www.encontraitaquera.com.br\/sobre\/wp-json\/wp\/v2\/pages"}],"about":[{"href":"https:\/\/www.encontraitaquera.com.br\/sobre\/wp-json\/wp\/v2\/types\/page"}],"author":[{"embeddable":true,"href":"https:\/\/www.encontraitaquera.com.br\/sobre\/wp-json\/wp\/v2\/users\/1"}],"replies":[{"embeddable":true,"href":"https:\/\/www.encontraitaquera.com.br\/sobre\/wp-json\/wp\/v2\/comments?post=9582"}],"version-history":[{"count":4,"href":"https:\/\/www.encontraitaquera.com.br\/sobre\/wp-json\/wp\/v2\/pages\/9582\/revisions"}],"predecessor-version":[{"id":9959,"href":"https:\/\/www.encontraitaquera.com.br\/sobre\/wp-json\/wp\/v2\/pages\/9582\/revisions\/9959"}],"wp:attachment":[{"href":"https:\/\/www.encontraitaquera.com.br\/sobre\/wp-json\/wp\/v2\/media?parent=9582"}],"curies":[{"name":"wp","href":"https:\/\/api.w.org\/{rel}","templated":true}]}}