{"id":9652,"date":"2017-06-14T12:42:02","date_gmt":"2017-06-14T14:42:02","guid":{"rendered":"http:\/\/www.encontraitaquera.com.br\/sobre\/?page_id=9652"},"modified":"2017-06-14T12:42:02","modified_gmt":"2017-06-14T14:42:02","slug":"parque-linear-itaquera","status":"publish","type":"page","link":"https:\/\/www.encontraitaquera.com.br\/sobre\/parque-linear-itaquera\/","title":{"rendered":"Parque Linear Itaquera"},"content":{"rendered":"<div class=\"f6a401da1b960306e8d5ff784b0b5528\" data-index=\"1\" style=\"float: none; margin:0px;\">\n<!-- Anuncio display - global -->\r\n<ins class=\"adsbygoogle\"\r\n     style=\"display:block\"\r\n     data-ad-client=\"ca-pub-8585364105181520\"\r\n     data-ad-slot=\"8789329856\"\r\n     data-ad-format=\"auto\"\r\n     data-full-width-responsive=\"true\"><\/ins>\r\n<script>\r\n     (adsbygoogle = window.adsbygoogle || []).push({});\r\n<\/script>\n<\/div>\n<p>O <em>Parque Linear Rio Verde<\/em> tamb\u00e9m conhecido apenas como <strong>Parque Linear Itaquera\u00a0<\/strong>est\u00e1 localizado no bairro de <em>Itaquera<\/em>, zona leste da cidade de <em>S\u00e3o Paulo<\/em>.<\/p>\n<p>Existem equipamentos esportivos e de lazer, pistas de caminhadas e grande marquise para abrigar atividades socioambientais.<\/p>\n<p><img loading=\"lazy\" decoding=\"async\" class=\"alignnone wp-image-9653 \" title=\"Parque Linear Itaquera\" src=\"http:\/\/www.encontraitaquera.com.br\/sobre\/wp-content\/uploads\/2017\/06\/parque-linear-itaquera.jpg\" alt=\"Parque Linear Itaquera\" width=\"598\" height=\"429\" srcset=\"https:\/\/www.encontraitaquera.com.br\/sobre\/wp-content\/uploads\/2017\/06\/parque-linear-itaquera.jpg 1607w, https:\/\/www.encontraitaquera.com.br\/sobre\/wp-content\/uploads\/2017\/06\/parque-linear-itaquera-300x215.jpg 300w, https:\/\/www.encontraitaquera.com.br\/sobre\/wp-content\/uploads\/2017\/06\/parque-linear-itaquera-768x552.jpg 768w, https:\/\/www.encontraitaquera.com.br\/sobre\/wp-content\/uploads\/2017\/06\/parque-linear-itaquera-1024x735.jpg 1024w, https:\/\/www.encontraitaquera.com.br\/sobre\/wp-content\/uploads\/2017\/06\/parque-linear-itaquera-211x150.jpg 211w\" sizes=\"(max-width: 598px) 100vw, 598px\" \/><\/p>\n<h2>Projeto Parque Linear Itaquera<\/h2>\n<p>Com objetivo de buscar uma solu\u00e7\u00e3o que conciliasse as exig\u00eancias ambientais e urban\u00edsticas da \u00e1rea, o projeto do parque foi desenvolvido para recuperar a vegeta\u00e7\u00e3o ciliar em grande parte das margens do rio e c\u00f3rrego, contribuindo com a drenagem urbana ao garantir as \u00e1reas de preserva\u00e7\u00e3o permanente do c\u00f3rrego do <em>Rio Verde<\/em>, afluente do <em>Rio Jacu\u00ed<\/em>.<br \/>\nSua implanta\u00e7\u00e3o ocorre em etapas pela necessidade de desapropria\u00e7\u00f5es e remo\u00e7\u00e3o de moradias irregulares nas margens do c\u00f3rrego.<\/p>\n<p>Possui vegeta\u00e7\u00e3o composta por gramados, remanescentes de pomar, bosques heterog\u00eaneos e \u00e1rvores isoladas, al\u00e9m de vegeta\u00e7\u00e3o ruderal nos taludes do c\u00f3rrego. Destacam-se goiabeira, leucena, mangueira, nespereira e pitangueira.<\/p>\n<h3>Hor\u00e1rio de Funcionamento Parque Linear Itaquera<\/h3>\n<ul>\n<li>Todos os dias das 8h \u00e0s 17h<\/li>\n<\/ul>\n<h3>Endere\u00e7o e Telefone Parque Linear Itaquera<\/h3>\n<ul>\n<li>Rua Tomazzo Ferrara, s\/n &#8211; Vila Corberi &#8211; S\u00e3o Paulo &#8211; SP<\/li>\n<li>Telefone: (11) 5187-0100 \/ 0101<\/li>\n<\/ul>\n<h4>Outras informa\u00e7\u00f5es, show e site:<\/h4>\n<ul>\n<li>Mais informa\u00e7\u00f5es:\u00a0<a href=\"http:\/\/www.prefeitura.sp.gov.br\" target=\"_blank\" rel=\"noopener noreferrer\">www.prefeitura.sp.gov.br<\/a><\/li>\n<\/ul>\n<h4>Mapa de localiza\u00e7\u00e3o:<\/h4>\n<a class=\"wp-colorbox-iframe\" href=\"https:\/\/www.google.com\/maps\/embed?pb=!1m14!1m8!1m3!1d14630.8405061328!2d-46.4606368!3d-23.5429261!3m2!1i1024!2i768!4f13.1!3m3!1m2!1s0x00xfb373703dbf906d7!2sParque+Linear+Rio+Verde!5e0!3m2!1spt-BR!2sbr!4v1497450934798\"><img decoding=\"async\" src=\"http:\/\/www.encontraitaquera.com.br\/imgs\/maps-post.png\"><\/a>\n\n<div style=\"font-size: 0px; height: 0px; line-height: 0px; margin: 0; padding: 0; clear: both;\"><\/div>","protected":false},"excerpt":{"rendered":"<p>O Parque Linear Rio Verde tamb\u00e9m conhecido apenas como Parque Linear Itaquera\u00a0est\u00e1 localizado no bairro de Itaquera, zona leste da cidade de S\u00e3o Paulo. Existem equipamentos esportivos e de lazer, pistas de caminhadas e grande marquise para abrigar atividades socioambientais. Projeto Parque Linear Itaquera Com objetivo de buscar uma solu\u00e7\u00e3o que conciliasse as exig\u00eancias ambientais e urban\u00edsticas da \u00e1rea, o projeto do parque foi desenvolvido para recuperar a vegeta\u00e7\u00e3o ciliar em grande parte das margens do rio e c\u00f3rrego, contribuindo com a drenagem urbana ao garantir as \u00e1reas de preserva\u00e7\u00e3o permanente do c\u00f3rrego do Rio Verde, afluente do Rio Jacu\u00ed. <\/p>\n","protected":false},"author":1,"featured_media":0,"parent":0,"menu_order":0,"comment_status":"closed","ping_status":"closed","template":"","meta":{"footnotes":""},"class_list":["post-9652","page","type-page","status-publish","hentry"],"_links":{"self":[{"href":"https:\/\/www.encontraitaquera.com.br\/sobre\/wp-json\/wp\/v2\/pages\/9652"}],"collection":[{"href":"https:\/\/www.encontraitaquera.com.br\/sobre\/wp-json\/wp\/v2\/pages"}],"about":[{"href":"https:\/\/www.encontraitaquera.com.br\/sobre\/wp-json\/wp\/v2\/types\/page"}],"author":[{"embeddable":true,"href":"https:\/\/www.encontraitaquera.com.br\/sobre\/wp-json\/wp\/v2\/users\/1"}],"replies":[{"embeddable":true,"href":"https:\/\/www.encontraitaquera.com.br\/sobre\/wp-json\/wp\/v2\/comments?post=9652"}],"version-history":[{"count":1,"href":"https:\/\/www.encontraitaquera.com.br\/sobre\/wp-json\/wp\/v2\/pages\/9652\/revisions"}],"predecessor-version":[{"id":9654,"href":"https:\/\/www.encontraitaquera.com.br\/sobre\/wp-json\/wp\/v2\/pages\/9652\/revisions\/9654"}],"wp:attachment":[{"href":"https:\/\/www.encontraitaquera.com.br\/sobre\/wp-json\/wp\/v2\/media?parent=9652"}],"curies":[{"name":"wp","href":"https:\/\/api.w.org\/{rel}","templated":true}]}}