{"id":9718,"date":"2017-06-16T15:23:49","date_gmt":"2017-06-16T17:23:49","guid":{"rendered":"http:\/\/www.encontraitaquera.com.br\/sobre\/?page_id=9718"},"modified":"2017-06-16T15:23:49","modified_gmt":"2017-06-16T17:23:49","slug":"sesi-itaquera","status":"publish","type":"page","link":"https:\/\/www.encontraitaquera.com.br\/sobre\/sesi-itaquera\/","title":{"rendered":"Sesi Itaquera"},"content":{"rendered":"<div class=\"f6a401da1b960306e8d5ff784b0b5528\" data-index=\"1\" style=\"float: none; margin:0px;\">\n<!-- Anuncio display - global -->\r\n<ins class=\"adsbygoogle\"\r\n     style=\"display:block\"\r\n     data-ad-client=\"ca-pub-8585364105181520\"\r\n     data-ad-slot=\"8789329856\"\r\n     data-ad-format=\"auto\"\r\n     data-full-width-responsive=\"true\"><\/ins>\r\n<script>\r\n     (adsbygoogle = window.adsbygoogle || []).push({});\r\n<\/script>\n<\/div>\n<p>O <em>Servi\u00e7o Social da Ind\u00fastria (Sesi)<\/em> \u00e9 uma entidade de direito privado, nos termos da lei civil, estruturada em base federativa para prestar assist\u00eancia social aos trabalhadores industriais e de atividades assemelhadas em todo o Pa\u00eds.<\/p>\n<p>O <em>Sesi<\/em> exerce papel fundamental no desenvolvimento social brasileiro, colaborando efetivamente com a melhoria da qualidade de vida do trabalhador da ind\u00fastria, seus familiares e comunidade em geral por meio de seus servi\u00e7os nos campos da educa\u00e7\u00e3o, sa\u00fade, lazer e esporte, cultura, alimenta\u00e7\u00e3o e outros.<\/p>\n<p>Veja mais sobre o <em>Sesi A.E Carvalho<\/em> conhecido tamb\u00e9m como\u00a0<strong>Sesi Itaquera<\/strong> abaixo.<\/p>\n<p><img loading=\"lazy\" decoding=\"async\" class=\"alignnone wp-image-9719\" title=\"Sesi Itaquera\" src=\"http:\/\/www.encontraitaquera.com.br\/sobre\/wp-content\/uploads\/2017\/06\/sesi-itaquera.jpg\" alt=\"Sesi Itaquera\" width=\"640\" height=\"206\" srcset=\"https:\/\/www.encontraitaquera.com.br\/sobre\/wp-content\/uploads\/2017\/06\/sesi-itaquera.jpg 587w, https:\/\/www.encontraitaquera.com.br\/sobre\/wp-content\/uploads\/2017\/06\/sesi-itaquera-300x97.jpg 300w\" sizes=\"(max-width: 640px) 100vw, 640px\" \/><\/p>\n<h2>Sobre Sesi Itaquera Cursos e Palestras<\/h2>\n<p>O <em>Sesi<\/em> conta com diversas unidades em <em>S\u00e3o Paulo<\/em>. Cada unidade oferece um tipo diferente de curso e palestra. Verifique\u00a0a agenda de cursos na unidade desejada atrav\u00e9s do site abaixo.<\/p>\n<h3>Sesi Itaquera Piscina<\/h3>\n<p>Com grande estrutura voltada a atividades f\u00edsicas e esporte o <em>Sesi Itaquera<\/em> conta n\u00e3o apenas com piscina, mas tamb\u00e9m com academia, quadra e outras \u00e1reas que oferecem atividades como: Alongamento, GAP, Hidrogin\u00e1stica, Dan\u00e7a de Sal\u00e3o, Jud\u00f4, Muscula\u00e7\u00e3o, Nata\u00e7\u00e3o, entre outros.<\/p>\n<h3>Hor\u00e1rio de Funcionamento Sesi Itaquera<\/h3>\n<ul>\n<li>Segunda a Sexta das 7h30 \u00e0s 11h30 e das 14h \u00e0s 19h e S\u00e1bados das 8h \u00e0s 12h<\/li>\n<\/ul>\n<h3>Endere\u00e7o e Telefone Sesi Itaquera<\/h3>\n<ul>\n<li>Rua Deodato Saraiva da Silva, 110 &#8211; A.E Carvalho &#8211; S\u00e3o Paulo &#8211; SP<\/li>\n<li>Telefone: (11) 2026-6000<\/li>\n<\/ul>\n<h4>Outras Informa\u00e7\u00f5es, Teatro e Site:<\/h4>\n<ul>\n<li>Mais informa\u00e7\u00f5es:\u00a0<a href=\"https:\/\/aecarvalho.sesisp.org.br\" target=\"_blank\" rel=\"noopener noreferrer\">www.aecarvalho.sesisp.org.br<\/a><\/li>\n<\/ul>\n<h4>Mapa de localiza\u00e7\u00e3o:<\/h4>\n<a class=\"wp-colorbox-iframe\" href=\"https:\/\/www.google.com\/maps\/embed?pb=!1m18!1m12!1m3!1d117052.86453115176!2d-46.545499476518295!3d-23.53602632705338!2m3!1f0!2f0!3f0!3m2!1i1024!2i768!4f13.1!3m3!1m2!1s0x94ce66d67f1b8bdd0x1872d775bd0cd2cd!2sSESI+Servio+Social+Indstria!5e0!3m2!1spt-BR!2sbr!4v1497633490863\"><img decoding=\"async\" src=\"http:\/\/www.encontraitaquera.com.br\/imgs\/maps-post.png\"><\/a>\n\n<div style=\"font-size: 0px; height: 0px; line-height: 0px; margin: 0; padding: 0; clear: both;\"><\/div>","protected":false},"excerpt":{"rendered":"<p>O Servi\u00e7o Social da Ind\u00fastria (Sesi) \u00e9 uma entidade de direito privado, nos termos da lei civil, estruturada em base federativa para prestar assist\u00eancia social aos trabalhadores industriais e de atividades assemelhadas em todo o Pa\u00eds. O Sesi exerce papel fundamental no desenvolvimento social brasileiro, colaborando efetivamente com a melhoria da qualidade de vida do trabalhador da ind\u00fastria, seus familiares e comunidade em geral por meio de seus servi\u00e7os nos campos da educa\u00e7\u00e3o, sa\u00fade, lazer e esporte, cultura, alimenta\u00e7\u00e3o e outros. Veja mais sobre o Sesi A.E Carvalho conhecido tamb\u00e9m como\u00a0Sesi Itaquera abaixo. Sobre Sesi Itaquera Cursos e Palestras O <\/p>\n","protected":false},"author":1,"featured_media":0,"parent":0,"menu_order":0,"comment_status":"closed","ping_status":"closed","template":"","meta":{"footnotes":""},"class_list":["post-9718","page","type-page","status-publish","hentry"],"_links":{"self":[{"href":"https:\/\/www.encontraitaquera.com.br\/sobre\/wp-json\/wp\/v2\/pages\/9718"}],"collection":[{"href":"https:\/\/www.encontraitaquera.com.br\/sobre\/wp-json\/wp\/v2\/pages"}],"about":[{"href":"https:\/\/www.encontraitaquera.com.br\/sobre\/wp-json\/wp\/v2\/types\/page"}],"author":[{"embeddable":true,"href":"https:\/\/www.encontraitaquera.com.br\/sobre\/wp-json\/wp\/v2\/users\/1"}],"replies":[{"embeddable":true,"href":"https:\/\/www.encontraitaquera.com.br\/sobre\/wp-json\/wp\/v2\/comments?post=9718"}],"version-history":[{"count":1,"href":"https:\/\/www.encontraitaquera.com.br\/sobre\/wp-json\/wp\/v2\/pages\/9718\/revisions"}],"predecessor-version":[{"id":9720,"href":"https:\/\/www.encontraitaquera.com.br\/sobre\/wp-json\/wp\/v2\/pages\/9718\/revisions\/9720"}],"wp:attachment":[{"href":"https:\/\/www.encontraitaquera.com.br\/sobre\/wp-json\/wp\/v2\/media?parent=9718"}],"curies":[{"name":"wp","href":"https:\/\/api.w.org\/{rel}","templated":true}]}}