{"id":9766,"date":"2017-06-19T13:08:41","date_gmt":"2017-06-19T15:08:41","guid":{"rendered":"http:\/\/www.encontraitaquera.com.br\/sobre\/?page_id=9766"},"modified":"2017-06-19T13:08:41","modified_gmt":"2017-06-19T15:08:41","slug":"junta-militar-itaquera","status":"publish","type":"page","link":"https:\/\/www.encontraitaquera.com.br\/sobre\/junta-militar-itaquera\/","title":{"rendered":"Junta Militar Itaquera"},"content":{"rendered":"<div class=\"f6a401da1b960306e8d5ff784b0b5528\" data-index=\"1\" style=\"float: none; margin:0px;\">\n<!-- Anuncio display - global -->\r\n<ins class=\"adsbygoogle\"\r\n     style=\"display:block\"\r\n     data-ad-client=\"ca-pub-8585364105181520\"\r\n     data-ad-slot=\"8789329856\"\r\n     data-ad-format=\"auto\"\r\n     data-full-width-responsive=\"true\"><\/ins>\r\n<script>\r\n     (adsbygoogle = window.adsbygoogle || []).push({});\r\n<\/script>\n<\/div>\n<p>O <em>Servi\u00e7o Militar Obrigat\u00f3rio<\/em> surgiu no <em>Brasil<\/em> quando o sistema administrativo adotado era o das<em> Capitanias Heredit\u00e1rias<\/em>. Desde ent\u00e3o, todos os brasileiros s\u00e3o obrigados a \u201cpegar em armas para sustentar a independ\u00eancia, a integridade do Imp\u00e9rio e defend\u00ea-lo de seus inimigos\u201d, segundo o artigo 147 da Constitui\u00e7\u00e3o de 1824.<\/p>\n<p>Veja mais sobre a <strong>Junta Militar Itaquera<\/strong> abaixo.<\/p>\n<p><img loading=\"lazy\" decoding=\"async\" class=\"alignnone wp-image-9767\" title=\"Junta Militar Itaquera\" src=\"http:\/\/www.encontraitaquera.com.br\/sobre\/wp-content\/uploads\/2017\/06\/junta-militar-itaquera.jpg\" alt=\"Junta Militar Itaquera\" width=\"681\" height=\"220\" srcset=\"https:\/\/www.encontraitaquera.com.br\/sobre\/wp-content\/uploads\/2017\/06\/junta-militar-itaquera.jpg 585w, https:\/\/www.encontraitaquera.com.br\/sobre\/wp-content\/uploads\/2017\/06\/junta-militar-itaquera-300x97.jpg 300w\" sizes=\"(max-width: 681px) 100vw, 681px\" \/><\/p>\n<p>Depois da edi\u00e7\u00e3o de leis e decretos em 1918, 1920, 1939 e 1946, a<em> Lei do Servi\u00e7o Militar<\/em> foi promulgada em agosto de 1964, entrando em vigor no dia 20 de janeiro de 1966, com a publica\u00e7\u00e3o de seu Regulamento.<\/p>\n<p>Assim, todos os jovens do sexo masculino, devem alistar-se no ano em que completam 18 anos de idade na <em>Junta de Servi\u00e7o Militar<\/em> mais pr\u00f3xima de sua resid\u00eancia. O per\u00edodo de alistamento inicia no primeiro dia \u00fatil do m\u00eas de janeiro e vai at\u00e9 o \u00faltimo dia \u00fatil do m\u00eas de abril. A documenta\u00e7\u00e3o exigida para apresentar-se \u00e0 Junta \u00e9 a certid\u00e3o de nascimento ou RG original, CPF, comprovante de resid\u00eancia e uma foto 3&#215;4 recente.<br \/>\nA partir de julho at\u00e9 novembro ocorre o per\u00edodo de sele\u00e7\u00e3o daqueles que se alistaram entre janeiro e abril, e os alistados em anos anteriores que estejam em d\u00e9bito com o <em>Servi\u00e7o Militar<\/em>. Esta sele\u00e7\u00e3o \u00e9 realizada dentro dos aspectos f\u00edsicos, culturais, psicol\u00f3gicos e morais.<\/p>\n<h3>Hor\u00e1rio de Funcionamento Junta Militar Itaquera<\/h3>\n<ul>\n<li>N\u00e3o dispon\u00edvel<\/li>\n<\/ul>\n<h3>Endere\u00e7o e Telefone Junta Militar Zona Leste Itaquera<\/h3>\n<ul>\n<li>Rua Augusto Carlos Bauman, 851, Itaquera &#8211; S\u00e3o Paulo &#8211; SP<\/li>\n<li>Telefone: (11) 2205-6831<\/li>\n<\/ul>\n<h4>Outras Informa\u00e7\u00f5es e Site:<\/h4>\n<ul>\n<li>Mais informa\u00e7\u00f5es:\u00a0<a href=\"http:\/\/www.prefeitura.sp.gov.br\/\" target=\"_blank\" rel=\"noopener noreferrer\">www.prefeitura.sp.gov.br<\/a><\/li>\n<li>No mesmo endere\u00e7o se encontra a <span style=\"text-decoration: underline;\"><a href=\"http:\/\/www.encontraitaquera.com.br\/sobre\/subprefeitura-de-itaquera\/\">Subpreitura de Itaquera veja mais \u00bb aqui<\/a><\/span><\/li>\n<\/ul>\n<h4>Mapa de localiza\u00e7\u00e3o:<\/h4>\n<a class=\"wp-colorbox-iframe\" href=\"https:\/\/www.google.com\/maps\/embed?pb=!1m14!1m8!1m3!1d14632.08713542804!2d-46.4471441!3d-23.5317189!3m2!1i1024!2i768!4f13.1!3m3!1m2!1s0x00x335596fe989c3663!2sJunta+do+Servio+Militar+-+15+Delegacia!5e0!3m2!1spt-BR!2sbr!4v1497884682429\"><img decoding=\"async\" src=\"http:\/\/www.encontraitaquera.com.br\/imgs\/maps-post.png\"><\/a>\n\n<div style=\"font-size: 0px; height: 0px; line-height: 0px; margin: 0; padding: 0; clear: both;\"><\/div>","protected":false},"excerpt":{"rendered":"<p>O Servi\u00e7o Militar Obrigat\u00f3rio surgiu no Brasil quando o sistema administrativo adotado era o das Capitanias Heredit\u00e1rias. Desde ent\u00e3o, todos os brasileiros s\u00e3o obrigados a \u201cpegar em armas para sustentar a independ\u00eancia, a integridade do Imp\u00e9rio e defend\u00ea-lo de seus inimigos\u201d, segundo o artigo 147 da Constitui\u00e7\u00e3o de 1824. Veja mais sobre a Junta Militar Itaquera abaixo. Depois da edi\u00e7\u00e3o de leis e decretos em 1918, 1920, 1939 e 1946, a Lei do Servi\u00e7o Militar foi promulgada em agosto de 1964, entrando em vigor no dia 20 de janeiro de 1966, com a publica\u00e7\u00e3o de seu Regulamento. Assim, todos os <\/p>\n","protected":false},"author":1,"featured_media":0,"parent":0,"menu_order":0,"comment_status":"closed","ping_status":"closed","template":"","meta":{"footnotes":""},"class_list":["post-9766","page","type-page","status-publish","hentry"],"_links":{"self":[{"href":"https:\/\/www.encontraitaquera.com.br\/sobre\/wp-json\/wp\/v2\/pages\/9766"}],"collection":[{"href":"https:\/\/www.encontraitaquera.com.br\/sobre\/wp-json\/wp\/v2\/pages"}],"about":[{"href":"https:\/\/www.encontraitaquera.com.br\/sobre\/wp-json\/wp\/v2\/types\/page"}],"author":[{"embeddable":true,"href":"https:\/\/www.encontraitaquera.com.br\/sobre\/wp-json\/wp\/v2\/users\/1"}],"replies":[{"embeddable":true,"href":"https:\/\/www.encontraitaquera.com.br\/sobre\/wp-json\/wp\/v2\/comments?post=9766"}],"version-history":[{"count":1,"href":"https:\/\/www.encontraitaquera.com.br\/sobre\/wp-json\/wp\/v2\/pages\/9766\/revisions"}],"predecessor-version":[{"id":9768,"href":"https:\/\/www.encontraitaquera.com.br\/sobre\/wp-json\/wp\/v2\/pages\/9766\/revisions\/9768"}],"wp:attachment":[{"href":"https:\/\/www.encontraitaquera.com.br\/sobre\/wp-json\/wp\/v2\/media?parent=9766"}],"curies":[{"name":"wp","href":"https:\/\/api.w.org\/{rel}","templated":true}]}}