{"id":9892,"date":"2017-06-21T15:56:45","date_gmt":"2017-06-21T17:56:45","guid":{"rendered":"http:\/\/www.encontraitaquera.com.br\/sobre\/?page_id=9892"},"modified":"2017-06-21T15:57:47","modified_gmt":"2017-06-21T17:57:47","slug":"centro-de-itaquera","status":"publish","type":"page","link":"https:\/\/www.encontraitaquera.com.br\/sobre\/centro-de-itaquera\/","title":{"rendered":"Centro de Itaquera"},"content":{"rendered":"<div class=\"f6a401da1b960306e8d5ff784b0b5528\" data-index=\"1\" style=\"float: none; margin:0px;\">\n<!-- Anuncio display - global -->\r\n<ins class=\"adsbygoogle\"\r\n     style=\"display:block\"\r\n     data-ad-client=\"ca-pub-8585364105181520\"\r\n     data-ad-slot=\"8789329856\"\r\n     data-ad-format=\"auto\"\r\n     data-full-width-responsive=\"true\"><\/ins>\r\n<script>\r\n     (adsbygoogle = window.adsbygoogle || []).push({});\r\n<\/script>\n<\/div>\n<p>O <strong>Centro de Itaquera<\/strong> \u00e9 uma\u00a0regi\u00e3o predominantemente comercial, localizado na zona leste da cidade de <em>S\u00e3o Paulo<\/em>. Com ruas e localidades famosas tanto para lazer, quanto para necessidades o <em>Centro de Itaquera<\/em> est\u00e1 sempre movimentado.<\/p>\n<p>Veja mais sobre o <em>Centro de Itaquera<\/em> abaixo.<\/p>\n<p><img loading=\"lazy\" decoding=\"async\" class=\"alignnone wp-image-9893 \" title=\"Centro de Itaquera\" src=\"http:\/\/www.encontraitaquera.com.br\/sobre\/wp-content\/uploads\/2017\/06\/centro-de-itaquera.jpg\" alt=\"Centro de Itaquera\" width=\"745\" height=\"409\" srcset=\"https:\/\/www.encontraitaquera.com.br\/sobre\/wp-content\/uploads\/2017\/06\/centro-de-itaquera.jpg 1076w, https:\/\/www.encontraitaquera.com.br\/sobre\/wp-content\/uploads\/2017\/06\/centro-de-itaquera-300x165.jpg 300w, https:\/\/www.encontraitaquera.com.br\/sobre\/wp-content\/uploads\/2017\/06\/centro-de-itaquera-768x422.jpg 768w, https:\/\/www.encontraitaquera.com.br\/sobre\/wp-content\/uploads\/2017\/06\/centro-de-itaquera-1024x562.jpg 1024w\" sizes=\"(max-width: 745px) 100vw, 745px\" \/><\/p>\n<h2>\u00c9 poss\u00edvel encontrar no Centro de Itaquera:<\/h2>\n<ul>\n<li><span style=\"text-decoration: underline;\"><a href=\"http:\/\/www.encontraitaquera.com.br\/sobre\/senac-itaquera\/\">Senac Itaquera<\/a><\/span><\/li>\n<li>Col\u00e9gio Itaquera<\/li>\n<li>Po\u00e7\u00e3o M\u00e1gica Farm\u00e1cia<\/li>\n<li>Nagami Sushi<\/li>\n<li>Loj\u00e3o do Baixinho<\/li>\n<li>Sebrae Itaquera<\/li>\n<li>Escola Argos<\/li>\n<li>All Net<\/li>\n<li>Instituto Embelleze<\/li>\n<li><span style=\"text-decoration: underline;\"><a href=\"http:\/\/www.encontraitaquera.com.br\/sobre\/parque-marisa-itaquera\/\">Parque Marisa<\/a><\/span><\/li>\n<li>Igreja Nossa Senhora do Carmo<\/li>\n<li>Burguer King<\/li>\n<li>McDonald&#8217;s<\/li>\n<li>CNA Itaquera<\/li>\n<li>Correios<\/li>\n<li>Caedu<\/li>\n<li>Largo da Matriz<\/li>\n<li>Pontos de \u00d4nibus<\/li>\n<li>Telefones P\u00fablicos<\/li>\n<li>Casas Bahia<\/li>\n<li><span style=\"text-decoration: underline;\"><a href=\"http:\/\/www.encontraitaquera.com.br\/sobre\/sumire-itaquera\/\">Sumir\u00ea Itaquera<\/a><\/span><\/li>\n<li>Drogasil<\/li>\n<\/ul>\n<h3>Nas proximidades do Centro de Itaquera<\/h3>\n<ul>\n<li><span style=\"text-decoration: underline;\"><a href=\"http:\/\/www.encontraitaquera.com.br\/sobre\/shopping-itaquera\/\">Shopping Metr\u00f4 Itaquera<\/a><\/span><\/li>\n<li>SESI Itaquera<\/li>\n<li><span style=\"text-decoration: underline;\"><a href=\"http:\/\/www.encontraitaquera.com.br\/sobre\/arena-corinthians-itaquerao\/\">Arena Corinthians-Itaquera<\/a><\/span><\/li>\n<li>Japauto Itaquera<\/li>\n<li>32\u00b0 DP Itaquera<\/li>\n<li>Subprefeitura de Itaquera<\/li>\n<li><span style=\"text-decoration: underline;\"><a href=\"http:\/\/www.encontraitaquera.com.br\/sobre\/hospital-planalto-itaquera\/\">Hospital Planalto<\/a><\/span><\/li>\n<li>OAB Itaquera<\/li>\n<li>Parque Linear<\/li>\n<li>Esta\u00e7\u00e3o Corinthians-Itaquera<\/li>\n<li>Esta\u00e7\u00e3o Dom Bosco<\/li>\n<li><span style=\"text-decoration: underline;\"><a href=\"http:\/\/www.encontraitaquera.com.br\/sobre\/fatec-itaquera\/\">FATEC Itaquera<\/a><\/span><\/li>\n<li>Objetivo Itaquera<\/li>\n<li>Fight Paintball<\/li>\n<li>CRAS Itaquera<\/li>\n<\/ul>\n<h3>Ruas e Avenidas pr\u00f3ximas ao Centro de Itaquera<\/h3>\n<ul>\n<li><span style=\"text-decoration: underline;\"><a href=\"http:\/\/www.encontraitaquera.com.br\/sobre\/avenida-jacu-pessegonova-trabalhadores\/\">Avenida Jacu P\u00eassego \/ Nova Trabalhadores<\/a><\/span><\/li>\n<li>Avenida Jos\u00e9 Pinheiro Borges<\/li>\n<li>Avenida Itaquera<\/li>\n<li>Avenida Radial Leste<\/li>\n<li>Avenida Campanella<\/li>\n<li>Rua S\u00e1bbado D&#8217;Angelo<\/li>\n<li>Rua Ken Sugaya<\/li>\n<li>Rua Italina<\/li>\n<li>Rua Fl\u00f4res do Piau\u00ed<\/li>\n<li>Rua Vict\u00f3rio Santim<\/li>\n<li>Rua Paulo de T\u00e1rso Rodrigues<\/li>\n<li>Rua Fontoura Xavier<\/li>\n<\/ul>\n<h3>Centro de Itaquera CEP<\/h3>\n<p>Confira o <span style=\"text-decoration: underline;\">CEP<\/span> de algumas ruas e avenidas do <em>Centro de Itaquera<\/em><\/p>\n<ul>\n<li>Paulo de Tarso &#8211; CEP: 08210-080<\/li>\n<li>Largo da Matriz &#8211; CEP: 08210-110<\/li>\n<li>Avenida Campanella &#8211; CEP: 08220-831<\/li>\n<li>Avenida Jacu-p\u00eassego &#8211; CEP: 08215-115<\/li>\n<li>Rua Flores do Piau\u00ed &#8211; CEP: 08210-200<\/li>\n<li>Rua Vict\u00f3rio Santim &#8211; CEP: 08290-001<\/li>\n<li>Rua Fontoura Xavier &#8211; CEP: 08295-300<\/li>\n<\/ul>\n<h4>Mapa de localiza\u00e7\u00e3o:<\/h4>\n<a class=\"wp-colorbox-iframe\" href=\"https:\/\/www.google.com\/maps\/embed?pb=!1m14!1m8!1m3!1d14630.669917593068!2d-46.4590785!3d-23.5444593!3m2!1i1024!2i768!4f13.1!3m3!1m2!1s0x94ce66b99a42eac70x8ed06d80800b0a3c!2sItaquera+So+Paulo+-+SP!5e0!3m2!1spt-BR!2sbr!4v1498067689102\"><img decoding=\"async\" src=\"http:\/\/www.encontraitaquera.com.br\/imgs\/maps-post.png\"><\/a>\n\n<div style=\"font-size: 0px; height: 0px; line-height: 0px; margin: 0; padding: 0; clear: both;\"><\/div>","protected":false},"excerpt":{"rendered":"<p>O Centro de Itaquera \u00e9 uma\u00a0regi\u00e3o predominantemente comercial, localizado na zona leste da cidade de S\u00e3o Paulo. Com ruas e localidades famosas tanto para lazer, quanto para necessidades o Centro de Itaquera est\u00e1 sempre movimentado. Veja mais sobre o Centro de Itaquera abaixo. \u00c9 poss\u00edvel encontrar no Centro de Itaquera: Senac Itaquera Col\u00e9gio Itaquera Po\u00e7\u00e3o M\u00e1gica Farm\u00e1cia Nagami Sushi Loj\u00e3o do Baixinho Sebrae Itaquera Escola Argos All Net Instituto Embelleze Parque Marisa Igreja Nossa Senhora do Carmo Burguer King McDonald&#8217;s CNA Itaquera Correios Caedu Largo da Matriz Pontos de \u00d4nibus Telefones P\u00fablicos Casas Bahia Sumir\u00ea Itaquera Drogasil Nas proximidades do <\/p>\n","protected":false},"author":1,"featured_media":0,"parent":0,"menu_order":0,"comment_status":"closed","ping_status":"closed","template":"","meta":{"footnotes":""},"class_list":["post-9892","page","type-page","status-publish","hentry"],"_links":{"self":[{"href":"https:\/\/www.encontraitaquera.com.br\/sobre\/wp-json\/wp\/v2\/pages\/9892"}],"collection":[{"href":"https:\/\/www.encontraitaquera.com.br\/sobre\/wp-json\/wp\/v2\/pages"}],"about":[{"href":"https:\/\/www.encontraitaquera.com.br\/sobre\/wp-json\/wp\/v2\/types\/page"}],"author":[{"embeddable":true,"href":"https:\/\/www.encontraitaquera.com.br\/sobre\/wp-json\/wp\/v2\/users\/1"}],"replies":[{"embeddable":true,"href":"https:\/\/www.encontraitaquera.com.br\/sobre\/wp-json\/wp\/v2\/comments?post=9892"}],"version-history":[{"count":2,"href":"https:\/\/www.encontraitaquera.com.br\/sobre\/wp-json\/wp\/v2\/pages\/9892\/revisions"}],"predecessor-version":[{"id":9896,"href":"https:\/\/www.encontraitaquera.com.br\/sobre\/wp-json\/wp\/v2\/pages\/9892\/revisions\/9896"}],"wp:attachment":[{"href":"https:\/\/www.encontraitaquera.com.br\/sobre\/wp-json\/wp\/v2\/media?parent=9892"}],"curies":[{"name":"wp","href":"https:\/\/api.w.org\/{rel}","templated":true}]}}